{"id":1010,"date":"2017-01-24T15:50:46","date_gmt":"2017-01-24T14:50:46","guid":{"rendered":"https:\/\/www.castello-seeschloss.ch\/?page_id=1010"},"modified":"2024-03-29T09:07:28","modified_gmt":"2024-03-29T08:07:28","slug":"agb","status":"publish","type":"page","link":"https:\/\/www.castello-seeschloss.ch\/de\/agb\/","title":{"rendered":"AGB"},"content":{"rendered":"\n<style type=\"text\/css\" data-created_by=\"avia_inline_auto\" id=\"style-css-av-bu9qrm-078cd8f77f6625893fcd4b31661f4ab1\">\n.avia-section.av-bu9qrm-078cd8f77f6625893fcd4b31661f4ab1{\nbackground-repeat:no-repeat;\nbackground-image:url(https:\/\/www.castello-seeschloss.ch\/wp-content\/uploads\/2015\/07\/Slider_Large_CastelloFront_600.jpg);\nbackground-position:50% 100%;\nbackground-attachment:scroll;\n}\n<\/style>\n<div id='av_section_1'  class='avia-section av-bu9qrm-078cd8f77f6625893fcd4b31661f4ab1 main_color avia-section-default avia-no-shadow  avia-builder-el-0  el_before_av_heading  avia-builder-el-first  avia-full-stretch avia-bg-style-scroll av-minimum-height av-minimum-height-50 av-height-50  container_wrap fullsize'  data-section-bg-repeat='stretch' data-av_minimum_height_pc='50' data-av_min_height_opt='50'><div class='container av-section-cont-open' ><main  role=\"main\" itemprop=\"mainContentOfPage\"  class='template-page content  av-content-full alpha units'><div class='post-entry post-entry-type-page post-entry-1010'><div class='entry-content-wrapper clearfix'><\/div><\/div><\/main><!-- close content main element --><\/div><\/div><div id='after_section_1'  class='main_color av_default_container_wrap container_wrap fullsize'  ><div class='container av-section-cont-open' ><div class='template-page content  av-content-full alpha units'><div class='post-entry post-entry-type-page post-entry-1010'><div class='entry-content-wrapper clearfix'>\n\n<style type=\"text\/css\" data-created_by=\"avia_inline_auto\" id=\"style-css-av-6ywxyq-d3c1e43ebb2a6f6f88786c8b19c29070\">\n#top .av-special-heading.av-6ywxyq-d3c1e43ebb2a6f6f88786c8b19c29070{\npadding-bottom:20px;\nfont-size:40px;\n}\nbody .av-special-heading.av-6ywxyq-d3c1e43ebb2a6f6f88786c8b19c29070 .av-special-heading-tag .heading-char{\nfont-size:25px;\n}\n#top #wrap_all .av-special-heading.av-6ywxyq-d3c1e43ebb2a6f6f88786c8b19c29070 .av-special-heading-tag{\nfont-size:40px;\n}\n.av-special-heading.av-6ywxyq-d3c1e43ebb2a6f6f88786c8b19c29070 .av-subheading{\nfont-size:15px;\n}\n\n@media only screen and (min-width: 480px) and (max-width: 767px){ \n#top #wrap_all .av-special-heading.av-6ywxyq-d3c1e43ebb2a6f6f88786c8b19c29070 .av-special-heading-tag{\nfont-size:0.8em;\n}\n}\n\n@media only screen and (max-width: 479px){ \n#top #wrap_all .av-special-heading.av-6ywxyq-d3c1e43ebb2a6f6f88786c8b19c29070 .av-special-heading-tag{\nfont-size:0.8em;\n}\n}\n<\/style>\n<div  class='av-special-heading av-6ywxyq-d3c1e43ebb2a6f6f88786c8b19c29070 av-special-heading-h1 blockquote modern-quote modern-centered  avia-builder-el-1  el_after_av_section  el_before_av_section  avia-builder-el-no-sibling  av-inherit-size'><h1 class='av-special-heading-tag '  itemprop=\"headline\"  >Allgemeine Gesch\u00e4ftsbedingungen<\/h1><div class=\"special-heading-border\"><div class=\"special-heading-inner-border\"><\/div><\/div><\/div>\n<\/div><\/div><\/div><!-- close content main div --><\/div><\/div>\n<style type=\"text\/css\" data-created_by=\"avia_inline_auto\" id=\"style-css-av-6cw4aq-2966fa78b2d0e254d4cd36570cc37536\">\n.avia-section.av-6cw4aq-2966fa78b2d0e254d4cd36570cc37536{\nmargin-top:0px;\nmargin-bottom:130px;\n}\n<\/style>\n<div id='av_section_2'  class='avia-section av-6cw4aq-2966fa78b2d0e254d4cd36570cc37536 main_color avia-section-no-padding avia-no-shadow  avia-builder-el-2  el_after_av_heading  avia-builder-el-last  avia-bg-style-scroll container_wrap fullsize'  ><div class='container av-section-cont-open' ><div class='template-page content  av-content-full alpha units'><div class='post-entry post-entry-type-page post-entry-1010'><div class='entry-content-wrapper clearfix'>\n\n<style type=\"text\/css\" data-created_by=\"avia_inline_auto\" id=\"style-css-av-3ukntu-5b38c122d0aa2548c6348a0c99f13f80\">\n.flex_column.av-3ukntu-5b38c122d0aa2548c6348a0c99f13f80{\nborder-radius:0px 0px 0px 0px;\npadding:0px 0px 0px 0px;\n}\n<\/style>\n<div  class='flex_column av-3ukntu-5b38c122d0aa2548c6348a0c99f13f80 av_one_full  avia-builder-el-3  avia-builder-el-no-sibling  first flex_column_div av-zero-column-padding  '     ><section  class='av_textblock_section av-29qmf6-968b0d4af22c1e0f480671b2df1a3377 '   itemscope=\"itemscope\" itemtype=\"https:\/\/schema.org\/CreativeWork\" ><div class='avia_textblock'  itemprop=\"text\" ><p>Allgemein<\/p>\n<ol>\n<li>Geltungsbereich<\/li>\n<\/ol>\n<p>Die vorliegenden Allgemeinen Gesch\u00e4ftsbedingungen (in Folge AGB genannt) gelten f\u00fcr die \u00dcberlassung von Zimmern sowie f\u00fcr alle damit verbundenen weiteren Leistungen und Lieferungen der Ris &#038; Co. Hotels Castello Seeschloss &#038; Garni Elena an Kunden. S\u00e4mtliche Offerten der Hotels basieren auf den folgenden AGB. Sie bilden einen integrierenden Bestandteil jedes Vertrages. Sollten die vorliegenden AGB allf\u00e4lligen Vertragsbedingungen eines Kunden widersprechen, gehen die vorliegenden AGB vor.<\/p>\n<ol start=\"2\">\n<li>Vertragsabschluss<\/li>\n<\/ol>\n<p>Im Anschluss an die Reservation durch den Kunden erh\u00e4lt dieser von oben genannten Hotels eine schriftliche Reservationsbest\u00e4tigung. Der Vertrag zwischen den Parteien kommt erst mit dieser schriftlichen Reservationsbest\u00e4tigung an den Kunden zustande.<\/p>\n<ol start=\"3\">\n<li>Leistungen, Zahlungen und Preise<\/li>\n<\/ol>\n<p>Die Hotels der Ris &#038; Co. verpflichten sich, die vom Kunden bestellten und von den beiden Hotels schriftlich zugesagten Leistungen zu erbringen.<\/p>\n<p>S\u00e4mtliche Preise verstehen sich inklusive Service und Mehrwertsteuer.<\/p>\n<p>Falls Sie sich f\u00fcr die \u201enicht r\u00fcckerstattbare Rate\u201c \/ \u201enon refundable Rate\u201c entschieden haben, wird Ihre Kreditkarte beim Zeitpunkt der Zimmerbuchung belastet und der belastete Betrag wird bei einer allf\u00e4lligen Stornierung nicht zur\u00fcckerstattet.<\/p>\n<p>Die vom Kanton Tessin festgelegten Kurtaxen sind in unseren Zimmer-Preisen nicht inbegriffen und m\u00fcssen zus\u00e4tzlich beglichen werden.<\/p>\n<p>Das Hotel rechnet in Schweizer Franken (CHF) ab. Preisangaben in Euro oder andere W\u00e4hrungen sind Richtwerte und werden zum jeweiligen Tageskurs verrechnet<\/p>\n<p>Die Ris &#038; Co. Hotels sind berechtigt, jederzeit eine angemessene Anzahlung zu verlangen. Die H\u00f6he der Anzahlung und die Zahlungstermine werden im Vertrag schriftlich vereinbart. Kommt der Kunde seiner Verpflichtung zur Anzahlung nicht fristgem\u00e4ss nach, ist die Ris &#038; Co. berechtigt, nach Ansetzung einer angemessenen Nachfrist vom Vertrag zur\u00fcckzutreten. Der Kunde ist den Ris &#038; Co. f\u00fcr den daraus entstehenden Schaden haftbar.<\/p>\n<p>Sofern keine Anzahlung vom Ris &#038; Co. verlangt wird, ist der gesamte Rechnungsbetrag sp\u00e4testens zum Abreisezeitpunkt vom Kunden per Kreditkarte (Mastercard, VISA, American Express, Diners), Debitkarte (EC\/Maestro, Postcard) oder in bar zu bezahlen. Wird die Zahlung mittels Rechnung vereinbart, ist der gesamte Rechnungsbetrag 10 Tagen nach Rechnungsdatum f\u00e4llig. Preis\u00e4nderungen durch die Hotels bleiben ausdr\u00fccklich vorbehalten.<\/p>\n<p>Hotelzimmer<\/p>\n<ol start=\"4\">\n<li>Anreise- und Abreisezeiten<\/li>\n<\/ol>\n<p>Die Hotelzimmer sind am Anreisetag ab 15.00 Uhr bezugsbereit und am Abreisetag vor 12.00 Uhr zu verlassen.<\/p>\n<ol start=\"5\">\n<li>Annullierungsbedingungen<\/li>\n<\/ol>\n<p>Die nachfolgenden Annullierungsbedingungen gelten sowohl f\u00fcr die Annullierung von Buchungen als auch bei No-shows sowie im Fall verfr\u00fchter Abreise.<\/p>\n<p>Stornierung:<\/p>\n<p>bis 7 Tage vor Anreise = Kostenlos<\/p>\n<p>7 bis 0 Tage vor Anreise\u00a0 = Gesamter Rechnungsbetrag<\/p>\n<p>Das Hotel beh\u00e4lt sich vor, vertraglich individuelle Annullierungsbedingungen festzulegen.<\/p>\n<ol start=\"6\">\n<li>Parkpl\u00e4tze<\/li>\n<\/ol>\n<p>Eine limitierte Anzahl Aussenparkpl\u00e4tze (CHF 5.00 pro Platz pro Nacht) stehen Ihnen zur Verf\u00fcgung. Parkpl\u00e4tze in der Parkgarage sind kostenpflichtig (CHF 25.00 pro Platz pro Nacht). Das Hotel haftet nicht f\u00fcr Parksch\u00e4den\/Fahrerflucht<\/p>\n<ol start=\"7\">\n<li>Haftung<\/li>\n<\/ol>\n<p>Die Ris &#038; Co. Hotels haften nur bei absichtlicher oder grob fahrl\u00e4ssiger vertraglicher oder ausservertraglicher Sch\u00e4digung und nur f\u00fcr direkte Sch\u00e4den. Jede weitere Haftung, insbesondere bei leichter oder mittlerer Fahrl\u00e4ssigkeit wird wegbedungen<\/p>\n<p>Der Bucher haftet gegen\u00fcber dem Hotel f\u00fcr Besch\u00e4digungen der Einrichtung oder des Inventars und f\u00fcr Verluste, die durch ihn oder seine G\u00e4ste verursacht wurden.<\/p>\n<p>Das Hotel lehnt jede Verantwortung f\u00fcr Diebstahl und Besch\u00e4digung an mitgebrachten Objekten, Kleidung und Materialien ab. Ausnahmen gem\u00e4ss Schweizer Obligationen Recht.<\/p>\n<p>Anwendbares Recht\/Gerichtsstand<\/p>\n<p>Anwendbar auf den Vertrag ist ausschliesslich Schweizer Recht. Als Gerichtsstand gilt das Zivilgericht Locarno. Sollten einzelne Bestimmungen dieser AGB unwirksam sein, so ber\u00fchrt dies die G\u00fcltigkeit der \u00fcbrigen Bestimmungen nicht. In einem solchen Fall wird die rechtsunwirksame Bestimmung durch eine sinngem\u00e4ss \u00e4hnliche, aber wirksame Bestimmung ersetzt.<\/p>\n<\/div><\/section><\/div>\n\n","protected":false},"excerpt":{"rendered":"","protected":false},"author":1,"featured_media":0,"parent":0,"menu_order":0,"comment_status":"closed","ping_status":"closed","template":"","meta":{"footnotes":""},"class_list":["post-1010","page","type-page","status-publish","hentry"],"yoast_head":"<!-- This site is optimized with the Yoast SEO plugin v27.2 - https:\/\/yoast.com\/product\/yoast-seo-wordpress\/ -->\n<title>AGB - Romantik Hotel Castello Seeschloss<\/title>\n<meta name=\"robots\" content=\"index, follow, max-snippet:-1, max-image-preview:large, max-video-preview:-1\" \/>\n<link rel=\"canonical\" href=\"https:\/\/www.castello-seeschloss.ch\/de\/agb\/\" \/>\n<meta property=\"og:locale\" content=\"de_DE\" \/>\n<meta property=\"og:type\" content=\"article\" \/>\n<meta property=\"og:title\" content=\"AGB - Romantik Hotel Castello Seeschloss\" \/>\n<meta property=\"og:url\" content=\"https:\/\/www.castello-seeschloss.ch\/de\/agb\/\" \/>\n<meta property=\"og:site_name\" content=\"Romantik Hotel Castello Seeschloss\" \/>\n<meta property=\"article:modified_time\" content=\"2024-03-29T08:07:28+00:00\" \/>\n<meta name=\"twitter:card\" content=\"summary_large_image\" \/>\n<meta name=\"twitter:label1\" content=\"Gesch\u00e4tzte Lesezeit\" \/>\n\t<meta name=\"twitter:data1\" content=\"4\u00a0Minuten\" \/>\n<script type=\"application\/ld+json\" class=\"yoast-schema-graph\">{\"@context\":\"https:\/\/schema.org\",\"@graph\":[{\"@type\":\"WebPage\",\"@id\":\"https:\/\/www.castello-seeschloss.ch\/de\/agb\/\",\"url\":\"https:\/\/www.castello-seeschloss.ch\/de\/agb\/\",\"name\":\"AGB - Romantik Hotel Castello Seeschloss\",\"isPartOf\":{\"@id\":\"https:\/\/www.castello-seeschloss.ch\/#website\"},\"datePublished\":\"2017-01-24T14:50:46+00:00\",\"dateModified\":\"2024-03-29T08:07:28+00:00\",\"breadcrumb\":{\"@id\":\"https:\/\/www.castello-seeschloss.ch\/de\/agb\/#breadcrumb\"},\"inLanguage\":\"de\",\"potentialAction\":[{\"@type\":\"ReadAction\",\"target\":[\"https:\/\/www.castello-seeschloss.ch\/de\/agb\/\"]}]},{\"@type\":\"BreadcrumbList\",\"@id\":\"https:\/\/www.castello-seeschloss.ch\/de\/agb\/#breadcrumb\",\"itemListElement\":[{\"@type\":\"ListItem\",\"position\":1,\"name\":\"Startseite\",\"item\":\"https:\/\/www.castello-seeschloss.ch\/de\/romantik-hotel-in-ascona-am-lago-maggiore-castello-seeschloss\/\"},{\"@type\":\"ListItem\",\"position\":2,\"name\":\"AGB\"}]},{\"@type\":\"WebSite\",\"@id\":\"https:\/\/www.castello-seeschloss.ch\/#website\",\"url\":\"https:\/\/www.castello-seeschloss.ch\/\",\"name\":\"Romantik Hotel Castello Seeschloss\",\"description\":\"Ascona Tessin\",\"potentialAction\":[{\"@type\":\"SearchAction\",\"target\":{\"@type\":\"EntryPoint\",\"urlTemplate\":\"https:\/\/www.castello-seeschloss.ch\/?s={search_term_string}\"},\"query-input\":{\"@type\":\"PropertyValueSpecification\",\"valueRequired\":true,\"valueName\":\"search_term_string\"}}],\"inLanguage\":\"de\"}]}<\/script>\n<!-- \/ Yoast SEO plugin. -->","yoast_head_json":{"title":"AGB - Romantik Hotel Castello Seeschloss","robots":{"index":"index","follow":"follow","max-snippet":"max-snippet:-1","max-image-preview":"max-image-preview:large","max-video-preview":"max-video-preview:-1"},"canonical":"https:\/\/www.castello-seeschloss.ch\/de\/agb\/","og_locale":"de_DE","og_type":"article","og_title":"AGB - Romantik Hotel Castello Seeschloss","og_url":"https:\/\/www.castello-seeschloss.ch\/de\/agb\/","og_site_name":"Romantik Hotel Castello Seeschloss","article_modified_time":"2024-03-29T08:07:28+00:00","twitter_card":"summary_large_image","twitter_misc":{"Gesch\u00e4tzte Lesezeit":"4\u00a0Minuten"},"schema":{"@context":"https:\/\/schema.org","@graph":[{"@type":"WebPage","@id":"https:\/\/www.castello-seeschloss.ch\/de\/agb\/","url":"https:\/\/www.castello-seeschloss.ch\/de\/agb\/","name":"AGB - Romantik Hotel Castello Seeschloss","isPartOf":{"@id":"https:\/\/www.castello-seeschloss.ch\/#website"},"datePublished":"2017-01-24T14:50:46+00:00","dateModified":"2024-03-29T08:07:28+00:00","breadcrumb":{"@id":"https:\/\/www.castello-seeschloss.ch\/de\/agb\/#breadcrumb"},"inLanguage":"de","potentialAction":[{"@type":"ReadAction","target":["https:\/\/www.castello-seeschloss.ch\/de\/agb\/"]}]},{"@type":"BreadcrumbList","@id":"https:\/\/www.castello-seeschloss.ch\/de\/agb\/#breadcrumb","itemListElement":[{"@type":"ListItem","position":1,"name":"Startseite","item":"https:\/\/www.castello-seeschloss.ch\/de\/romantik-hotel-in-ascona-am-lago-maggiore-castello-seeschloss\/"},{"@type":"ListItem","position":2,"name":"AGB"}]},{"@type":"WebSite","@id":"https:\/\/www.castello-seeschloss.ch\/#website","url":"https:\/\/www.castello-seeschloss.ch\/","name":"Romantik Hotel Castello Seeschloss","description":"Ascona Tessin","potentialAction":[{"@type":"SearchAction","target":{"@type":"EntryPoint","urlTemplate":"https:\/\/www.castello-seeschloss.ch\/?s={search_term_string}"},"query-input":{"@type":"PropertyValueSpecification","valueRequired":true,"valueName":"search_term_string"}}],"inLanguage":"de"}]}},"publishpress_future_workflow_manual_trigger":{"enabledWorkflows":[]},"_links":{"self":[{"href":"https:\/\/www.castello-seeschloss.ch\/de\/wp-json\/wp\/v2\/pages\/1010","targetHints":{"allow":["GET"]}}],"collection":[{"href":"https:\/\/www.castello-seeschloss.ch\/de\/wp-json\/wp\/v2\/pages"}],"about":[{"href":"https:\/\/www.castello-seeschloss.ch\/de\/wp-json\/wp\/v2\/types\/page"}],"author":[{"embeddable":true,"href":"https:\/\/www.castello-seeschloss.ch\/de\/wp-json\/wp\/v2\/users\/1"}],"replies":[{"embeddable":true,"href":"https:\/\/www.castello-seeschloss.ch\/de\/wp-json\/wp\/v2\/comments?post=1010"}],"version-history":[{"count":0,"href":"https:\/\/www.castello-seeschloss.ch\/de\/wp-json\/wp\/v2\/pages\/1010\/revisions"}],"wp:attachment":[{"href":"https:\/\/www.castello-seeschloss.ch\/de\/wp-json\/wp\/v2\/media?parent=1010"}],"curies":[{"name":"wp","href":"https:\/\/api.w.org\/{rel}","templated":true}]}}