{"id":670,"date":"2023-10-26T16:58:15","date_gmt":"2023-10-26T14:58:15","guid":{"rendered":"https:\/\/www.castello-seeschloss.ch\/?page_id=670"},"modified":"2025-11-21T14:45:06","modified_gmt":"2025-11-21T13:45:06","slug":"zimmer","status":"publish","type":"page","link":"https:\/\/www.castello-seeschloss.ch\/de\/zimmer\/","title":{"rendered":"Zimmer &#038; Preise"},"content":{"rendered":"\n<style type=\"text\/css\" data-created_by=\"avia_inline_auto\" id=\"style-css-av-21ml1i-b6a313458beb63b4918fd11238075a04\">\n.avia-section.av-21ml1i-b6a313458beb63b4918fd11238075a04{\nbackground-repeat:no-repeat;\nbackground-image:url(https:\/\/www.castello-seeschloss.ch\/wp-content\/uploads\/2015\/07\/Slider_Large_CastelloFront_600-1030x412.jpg);\nbackground-position:50% 100%;\nbackground-attachment:scroll;\n}\n<\/style>\n<div id='av_section_1'  class='avia-section av-21ml1i-b6a313458beb63b4918fd11238075a04 main_color avia-section-default avia-no-border-styling  avia-builder-el-0  el_before_av_heading  avia-builder-el-first  avia-full-stretch avia-bg-style-scroll av-minimum-height av-minimum-height-50 av-height-50  container_wrap fullsize'  data-section-bg-repeat='stretch' data-av_minimum_height_pc='50' data-av_min_height_opt='50'><div class='container av-section-cont-open' ><main  role=\"main\" itemprop=\"mainContentOfPage\"  class='template-page content  av-content-full alpha units'><div class='post-entry post-entry-type-page post-entry-670'><div class='entry-content-wrapper clearfix'><\/div><\/div><\/main><!-- close content main element --><\/div><\/div><div id='after_section_1'  class='main_color av_default_container_wrap container_wrap fullsize'  ><div class='container av-section-cont-open' ><div class='template-page content  av-content-full alpha units'><div class='post-entry post-entry-type-page post-entry-670'><div class='entry-content-wrapper clearfix'>\n\n<style type=\"text\/css\" data-created_by=\"avia_inline_auto\" id=\"style-css-av-1jv82e-08ee24502b33fa07aee65c24d2d058e6\">\n#top .av-special-heading.av-1jv82e-08ee24502b33fa07aee65c24d2d058e6{\npadding-bottom:20px;\nfont-size:40px;\n}\nbody .av-special-heading.av-1jv82e-08ee24502b33fa07aee65c24d2d058e6 .av-special-heading-tag .heading-char{\nfont-size:25px;\n}\n#top #wrap_all .av-special-heading.av-1jv82e-08ee24502b33fa07aee65c24d2d058e6 .av-special-heading-tag{\nfont-size:40px;\n}\n.av-special-heading.av-1jv82e-08ee24502b33fa07aee65c24d2d058e6 .av-subheading{\nfont-size:15px;\n}\n\n@media only screen and (min-width: 480px) and (max-width: 767px){ \n#top #wrap_all .av-special-heading.av-1jv82e-08ee24502b33fa07aee65c24d2d058e6 .av-special-heading-tag{\nfont-size:0.8em;\n}\n}\n\n@media only screen and (max-width: 479px){ \n#top #wrap_all .av-special-heading.av-1jv82e-08ee24502b33fa07aee65c24d2d058e6 .av-special-heading-tag{\nfont-size:0.8em;\n}\n}\n<\/style>\n<div  class='av-special-heading av-1jv82e-08ee24502b33fa07aee65c24d2d058e6 av-special-heading-h1 blockquote modern-quote modern-centered  avia-builder-el-1  el_after_av_section  el_before_av_section  avia-builder-el-no-sibling  av-inherit-size'><h1 class='av-special-heading-tag '  itemprop=\"headline\"  >Zimmer <span class='special_amp'>&amp;<\/span> Preise <\/h1><div class=\"special-heading-border\"><div class=\"special-heading-inner-border\"><\/div><\/div><\/div>\n<\/div><\/div><\/div><!-- close content main div --><\/div><\/div><div id='av_section_2'  class='avia-section av-1x4fum-583b08523aae9e218bf52b204c39ee51 main_color avia-section-huge avia-no-border-styling  avia-builder-el-2  el_after_av_heading  el_before_av_codeblock  avia-bg-style-scroll container_wrap fullsize'  ><div class='container av-section-cont-open' ><div class='template-page content  av-content-full alpha units'><div class='post-entry post-entry-type-page post-entry-670'><div class='entry-content-wrapper clearfix'>\n\n<style type=\"text\/css\" data-created_by=\"avia_inline_auto\" id=\"style-css-av-1sqe1a-944d0a4ea0aab8a541b9fc3f0fa761a8\">\n#top .flex_column.av-1sqe1a-944d0a4ea0aab8a541b9fc3f0fa761a8{\nmargin-top:-200px;\nmargin-bottom:0px;\n}\n.flex_column.av-1sqe1a-944d0a4ea0aab8a541b9fc3f0fa761a8{\nborder-radius:0px 0px 0px 0px;\npadding:30px 30px 30px 30px;\nbackground-color:#ffffff;\n}\n.responsive #top #wrap_all .flex_column.av-1sqe1a-944d0a4ea0aab8a541b9fc3f0fa761a8{\nmargin-top:-200px;\nmargin-bottom:0px;\n}\n<\/style>\n<div  class='flex_column av-1sqe1a-944d0a4ea0aab8a541b9fc3f0fa761a8 av_one_full  avia-builder-el-3  el_before_av_table  avia-builder-el-first  first flex_column_div  '     ><section  class='av_textblock_section av-1bc4ie-140be7b52f2c8f54ac383e0420f3c706 '   itemscope=\"itemscope\" itemtype=\"https:\/\/schema.org\/CreativeWork\" ><div class='avia_textblock'  itemprop=\"text\" ><h3 style=\"text-align: center;\">Unsere aktuelle Preise finden Sie \u00fcber die Schaltfl\u00e4che <a id=\"cc-booking-button\" href=\"https:\/\/ibe.romantikhotels.com\/channels\/romantikhotel-castello-seeschloss\/?culture=de-CH#start\" class=\"avia-button avia-icon_select-yes-right-icon avia-size-x-large avia-position-center avia-color-theme-color\" target=\"_blank\" rel=\"noopener noreferrer\"><span class=\"avia_iconbox_title\">Jetzt buchen<\/span><span class=\"avia_button_icon avia_button_icon_right\" aria-hidden=\"true\" data-av_icon=\"\ue832\" data-av_iconfont=\"entypo-fontello\"><\/span><\/a><\/h3>\n<p style=\"text-align: center;\">Gew\u00fcnschte Aufenthaltsdaten eingeben und den tagesaktuellen Preis einsehen<\/p>\n<h3 style=\"text-align: center;\"><strong>Angebot 2026<\/strong><\/h3>\n<p style=\"text-align: center;\"><strong>The more you stay, the less you pay! *<\/strong><\/p>\n<\/div><\/section><\/div><div  class='avia-table av-276dxy-8b8d4d6071c3e055eae1c90717aafe89 main_color avia-pricing-table-container avia_pricing_default  avia-builder-el-5  el_after_av_one_full  el_before_av_textblock  avia-table-1'  itemscope=\"itemscope\" itemtype=\"https:\/\/schema.org\/Table\" ><div class=\"pricing-table-wrap\"><ul class='pricing-table avia-highlight-col'><li class=''><div class='first-table-item'>10 % Rabatt auf den Tages Preis<\/div><span class='pricing-extra'><\/span><\/li><li class=''>15 % Rabatt auf den Tages Preis<\/li><\/ul><\/div><div class=\"pricing-table-wrap\"><ul class='pricing-table avia-highlight-col'><li class=''><div class='first-table-item'>Aufenthalte von 4 bis 6 N\u00e4chte<\/div><span class='pricing-extra'><\/span><\/li><li class=''>Aufenthalte ab 7 N\u00e4chte<\/li><\/ul><\/div><\/div>\n<section  class='av_textblock_section av-lo73cblr-7b7170f1a09052d4e1c4ca118d4550f8 '   itemscope=\"itemscope\" itemtype=\"https:\/\/schema.org\/CreativeWork\" ><div class='avia_textblock'  itemprop=\"text\" ><p>* The more you stay, the less you pay Angebot ist <strong>je nach Verf\u00fcgbarkeit \/ upon availability<\/strong> buchbar, Ausgeschlossen sind Perioden mit der h\u00f6chsten Nachfrage. Dieses Angebot kann nicht mit anderen Sonderangeboten &#038; Spezialpreise kombiniert werden.<\/p>\n<\/div><\/section>\n\n<style type=\"text\/css\" data-created_by=\"avia_inline_auto\" id=\"style-css-av-j03ty-cc12c47fe70591b37edbe853bcafdaac\">\n.flex_column.av-j03ty-cc12c47fe70591b37edbe853bcafdaac{\nborder-radius:0px 0px 0px 0px;\npadding:0px 0px 0px 0px;\n}\n<\/style>\n<div  class='flex_column av-j03ty-cc12c47fe70591b37edbe853bcafdaac av_one_full  avia-builder-el-7  el_after_av_textblock  avia-builder-el-last  first flex_column_div av-zero-column-padding  column-top-margin'     ><section  class='av_textblock_section av-ev0jq-85157fe461fdc4fce8154169faeef42b '   itemscope=\"itemscope\" itemtype=\"https:\/\/schema.org\/CreativeWork\" ><div class='avia_textblock'  itemprop=\"text\" ><div>\n<p class=\"bodytext\">Die 45 individuell eingerichteten, komfortablen Zimmer sind in vier Kategorien aufgeteilt:<\/p>\n<\/div>\n<div>\n<ul>\n<li><a href=\"https:\/\/www.castello-seeschloss.ch\/de\/portfolio-item\/standardzimmer\/\">Standardzimmer <\/a>(18qm bis 23qm)<\/li>\n<li><a href=\"https:\/\/www.castello-seeschloss.ch\/de\/portfolio-item\/superior-schlosszimmer\/\">Superior- und Schlosszimmer<\/a> (25qm bis 28qm)<\/li>\n<li><a href=\"https:\/\/www.castello-seeschloss.ch\/de\/portfolio-item\/turm-zimmer\/\">Zimmer im Schlossturm und Juniorsuite im Turm am Schwimmbad<\/a> (28qm bis 44qm)<\/li>\n<li><a href=\"https:\/\/www.castello-seeschloss.ch\/de\/portfolio-item\/easy\/\">Easy Kategorie<\/a> (10qm bis 45qm) kleine Einzelzimmer und kleine Doppelzimmer mit Grand Lit (Bettbreite 1.40) sowie grosse Doppelzimmer (im Tiefparterre)<\/li>\n<\/ul>\n<\/div>\n<div>\n<p class=\"bodytext\">Alle Zimmer verf\u00fcgen \u00fcber Bad\/WC oder Dusche\/WC, Minibar, Safe, Telefon, Radio\/TV und Klimaanlage und haben zum Teil einen Balkon oder eine Terrasse.<\/p>\n<\/div>\n<div>\n<p class=\"bodytext\">Ein reichhaltiges Fr\u00fchst\u00fccksbuffet wird jeden Morgen von 8:00 Uhr bis 11:00 Uhr im Castello Saal und bei sch\u00f6nem Wetter auf der Fr\u00fchst\u00fccksterrasse serviert.<\/p>\n<\/div>\n<div>\n<p class=\"bodytext\">Die Zimmer sind am Anreisetag ab 15:00 Uhr bezugsbereit, sollten Sie jedoch fr\u00fcher anreisen wollen, geben Sie uns kurz Bescheid und wir tun unser m\u00f6glichstes um den Zimmerbezug ohne Aufpreis vorzuverlegen. Das Gep\u00e4ck und das Auto k\u00f6nnen auf jeden Fall bereits vorher im Hotel deponiert\/abgestellt werden.<\/p>\n<\/div>\n<div>\n<p class=\"bodytext\">Am Abreisetag k\u00f6nnen Sie bis 12:00 Uhr im Zimmer verweilen.<\/p>\n<\/div>\n<\/div><\/section><\/div><\/div><\/div><\/div><!-- close content main div --><\/div><\/div><div id='after_section_2'  class='main_color av_default_container_wrap container_wrap fullsize'  ><div class='container av-section-cont-open' ><div class='template-page content  av-content-full alpha units'><div class='post-entry post-entry-type-page post-entry-670'><div class='entry-content-wrapper clearfix'><\/p>\n","protected":false},"excerpt":{"rendered":"","protected":false},"author":1,"featured_media":0,"parent":0,"menu_order":0,"comment_status":"closed","ping_status":"closed","template":"","meta":{"footnotes":""},"class_list":["post-670","page","type-page","status-publish","hentry"],"yoast_head":"<!-- This site is optimized with the Yoast SEO plugin v27.2 - https:\/\/yoast.com\/product\/yoast-seo-wordpress\/ -->\n<title>Zimmer &amp; Preise - Romantik Hotel Castello Seeschloss<\/title>\n<meta name=\"robots\" content=\"index, follow, max-snippet:-1, max-image-preview:large, max-video-preview:-1\" \/>\n<link rel=\"canonical\" href=\"https:\/\/www.castello-seeschloss.ch\/de\/zimmer\/\" \/>\n<meta property=\"og:locale\" content=\"de_DE\" \/>\n<meta property=\"og:type\" content=\"article\" \/>\n<meta property=\"og:title\" content=\"Zimmer &amp; Preise - Romantik Hotel Castello Seeschloss\" \/>\n<meta property=\"og:url\" content=\"https:\/\/www.castello-seeschloss.ch\/de\/zimmer\/\" \/>\n<meta property=\"og:site_name\" content=\"Romantik Hotel Castello Seeschloss\" \/>\n<meta property=\"article:modified_time\" content=\"2025-11-21T13:45:06+00:00\" \/>\n<meta name=\"twitter:card\" content=\"summary_large_image\" \/>\n<meta name=\"twitter:label1\" content=\"Gesch\u00e4tzte Lesezeit\" \/>\n\t<meta name=\"twitter:data1\" content=\"2\u00a0Minuten\" \/>\n<script type=\"application\/ld+json\" class=\"yoast-schema-graph\">{\"@context\":\"https:\/\/schema.org\",\"@graph\":[{\"@type\":\"WebPage\",\"@id\":\"https:\/\/www.castello-seeschloss.ch\/de\/zimmer\/\",\"url\":\"https:\/\/www.castello-seeschloss.ch\/de\/zimmer\/\",\"name\":\"Zimmer & Preise - Romantik Hotel Castello Seeschloss\",\"isPartOf\":{\"@id\":\"https:\/\/www.castello-seeschloss.ch\/#website\"},\"datePublished\":\"2023-10-26T14:58:15+00:00\",\"dateModified\":\"2025-11-21T13:45:06+00:00\",\"breadcrumb\":{\"@id\":\"https:\/\/www.castello-seeschloss.ch\/de\/zimmer\/#breadcrumb\"},\"inLanguage\":\"de\",\"potentialAction\":[{\"@type\":\"ReadAction\",\"target\":[\"https:\/\/www.castello-seeschloss.ch\/de\/zimmer\/\"]}]},{\"@type\":\"BreadcrumbList\",\"@id\":\"https:\/\/www.castello-seeschloss.ch\/de\/zimmer\/#breadcrumb\",\"itemListElement\":[{\"@type\":\"ListItem\",\"position\":1,\"name\":\"Startseite\",\"item\":\"https:\/\/www.castello-seeschloss.ch\/de\/romantik-hotel-in-ascona-am-lago-maggiore-castello-seeschloss\/\"},{\"@type\":\"ListItem\",\"position\":2,\"name\":\"Zimmer &#038; Preise\"}]},{\"@type\":\"WebSite\",\"@id\":\"https:\/\/www.castello-seeschloss.ch\/#website\",\"url\":\"https:\/\/www.castello-seeschloss.ch\/\",\"name\":\"Romantik Hotel Castello Seeschloss\",\"description\":\"Ascona Tessin\",\"potentialAction\":[{\"@type\":\"SearchAction\",\"target\":{\"@type\":\"EntryPoint\",\"urlTemplate\":\"https:\/\/www.castello-seeschloss.ch\/?s={search_term_string}\"},\"query-input\":{\"@type\":\"PropertyValueSpecification\",\"valueRequired\":true,\"valueName\":\"search_term_string\"}}],\"inLanguage\":\"de\"}]}<\/script>\n<!-- \/ Yoast SEO plugin. -->","yoast_head_json":{"title":"Zimmer & Preise - Romantik Hotel Castello Seeschloss","robots":{"index":"index","follow":"follow","max-snippet":"max-snippet:-1","max-image-preview":"max-image-preview:large","max-video-preview":"max-video-preview:-1"},"canonical":"https:\/\/www.castello-seeschloss.ch\/de\/zimmer\/","og_locale":"de_DE","og_type":"article","og_title":"Zimmer & Preise - Romantik Hotel Castello Seeschloss","og_url":"https:\/\/www.castello-seeschloss.ch\/de\/zimmer\/","og_site_name":"Romantik Hotel Castello Seeschloss","article_modified_time":"2025-11-21T13:45:06+00:00","twitter_card":"summary_large_image","twitter_misc":{"Gesch\u00e4tzte Lesezeit":"2\u00a0Minuten"},"schema":{"@context":"https:\/\/schema.org","@graph":[{"@type":"WebPage","@id":"https:\/\/www.castello-seeschloss.ch\/de\/zimmer\/","url":"https:\/\/www.castello-seeschloss.ch\/de\/zimmer\/","name":"Zimmer & Preise - Romantik Hotel Castello Seeschloss","isPartOf":{"@id":"https:\/\/www.castello-seeschloss.ch\/#website"},"datePublished":"2023-10-26T14:58:15+00:00","dateModified":"2025-11-21T13:45:06+00:00","breadcrumb":{"@id":"https:\/\/www.castello-seeschloss.ch\/de\/zimmer\/#breadcrumb"},"inLanguage":"de","potentialAction":[{"@type":"ReadAction","target":["https:\/\/www.castello-seeschloss.ch\/de\/zimmer\/"]}]},{"@type":"BreadcrumbList","@id":"https:\/\/www.castello-seeschloss.ch\/de\/zimmer\/#breadcrumb","itemListElement":[{"@type":"ListItem","position":1,"name":"Startseite","item":"https:\/\/www.castello-seeschloss.ch\/de\/romantik-hotel-in-ascona-am-lago-maggiore-castello-seeschloss\/"},{"@type":"ListItem","position":2,"name":"Zimmer &#038; Preise"}]},{"@type":"WebSite","@id":"https:\/\/www.castello-seeschloss.ch\/#website","url":"https:\/\/www.castello-seeschloss.ch\/","name":"Romantik Hotel Castello Seeschloss","description":"Ascona Tessin","potentialAction":[{"@type":"SearchAction","target":{"@type":"EntryPoint","urlTemplate":"https:\/\/www.castello-seeschloss.ch\/?s={search_term_string}"},"query-input":{"@type":"PropertyValueSpecification","valueRequired":true,"valueName":"search_term_string"}}],"inLanguage":"de"}]}},"publishpress_future_workflow_manual_trigger":{"enabledWorkflows":[]},"_links":{"self":[{"href":"https:\/\/www.castello-seeschloss.ch\/de\/wp-json\/wp\/v2\/pages\/670","targetHints":{"allow":["GET"]}}],"collection":[{"href":"https:\/\/www.castello-seeschloss.ch\/de\/wp-json\/wp\/v2\/pages"}],"about":[{"href":"https:\/\/www.castello-seeschloss.ch\/de\/wp-json\/wp\/v2\/types\/page"}],"author":[{"embeddable":true,"href":"https:\/\/www.castello-seeschloss.ch\/de\/wp-json\/wp\/v2\/users\/1"}],"replies":[{"embeddable":true,"href":"https:\/\/www.castello-seeschloss.ch\/de\/wp-json\/wp\/v2\/comments?post=670"}],"version-history":[{"count":0,"href":"https:\/\/www.castello-seeschloss.ch\/de\/wp-json\/wp\/v2\/pages\/670\/revisions"}],"wp:attachment":[{"href":"https:\/\/www.castello-seeschloss.ch\/de\/wp-json\/wp\/v2\/media?parent=670"}],"curies":[{"name":"wp","href":"https:\/\/api.w.org\/{rel}","templated":true}]}}