{"id":746,"date":"2017-01-24T08:24:15","date_gmt":"2017-01-24T07:24:15","guid":{"rendered":"https:\/\/www.castello-seeschloss.ch\/?page_id=746"},"modified":"2024-03-28T08:10:02","modified_gmt":"2024-03-28T07:10:02","slug":"anreise","status":"publish","type":"page","link":"https:\/\/www.castello-seeschloss.ch\/de\/anreise\/","title":{"rendered":"Anreise \/ Parkplatz"},"content":{"rendered":"<\/p>\n\n<style type=\"text\/css\" data-created_by=\"avia_inline_auto\" id=\"style-css-av-27s56i-3f43fdc083470be69c309eaca4a02d58\">\n.avia-section.av-27s56i-3f43fdc083470be69c309eaca4a02d58{\nbackground-repeat:no-repeat;\nbackground-image:url(https:\/\/www.castello-seeschloss.ch\/wp-content\/uploads\/2015\/07\/Slider_Large_CastelloFront_600.jpg);\nbackground-position:50% 100%;\nbackground-attachment:scroll;\n}\n<\/style>\n<div id='av_section_1'  class='avia-section av-27s56i-3f43fdc083470be69c309eaca4a02d58 main_color avia-section-default avia-no-shadow  avia-builder-el-0  el_before_av_heading  avia-builder-el-first  avia-full-stretch avia-bg-style-scroll av-minimum-height av-minimum-height-50 av-height-50  container_wrap fullsize'  data-section-bg-repeat='stretch' data-av_minimum_height_pc='50' data-av_min_height_opt='50'><div class='container av-section-cont-open' ><main  role=\"main\" itemprop=\"mainContentOfPage\"  class='template-page content  av-content-full alpha units'><div class='post-entry post-entry-type-page post-entry-746'><div class='entry-content-wrapper clearfix'><\/div><\/div><\/main><!-- close content main element --><\/div><\/div><div id='after_section_1'  class='main_color av_default_container_wrap container_wrap fullsize'  ><div class='container av-section-cont-open' ><div class='template-page content  av-content-full alpha units'><div class='post-entry post-entry-type-page post-entry-746'><div class='entry-content-wrapper clearfix'>\n\n<style type=\"text\/css\" data-created_by=\"avia_inline_auto\" id=\"style-css-av-1rc5ga-ee8fa0fc2553dea90652773bebe594bc\">\n#top .av-special-heading.av-1rc5ga-ee8fa0fc2553dea90652773bebe594bc{\npadding-bottom:20px;\nfont-size:40px;\n}\nbody .av-special-heading.av-1rc5ga-ee8fa0fc2553dea90652773bebe594bc .av-special-heading-tag .heading-char{\nfont-size:25px;\n}\n#top #wrap_all .av-special-heading.av-1rc5ga-ee8fa0fc2553dea90652773bebe594bc .av-special-heading-tag{\nfont-size:40px;\n}\n.av-special-heading.av-1rc5ga-ee8fa0fc2553dea90652773bebe594bc .av-subheading{\nfont-size:15px;\n}\n\n@media only screen and (min-width: 480px) and (max-width: 767px){ \n#top #wrap_all .av-special-heading.av-1rc5ga-ee8fa0fc2553dea90652773bebe594bc .av-special-heading-tag{\nfont-size:0.8em;\n}\n}\n\n@media only screen and (max-width: 479px){ \n#top #wrap_all .av-special-heading.av-1rc5ga-ee8fa0fc2553dea90652773bebe594bc .av-special-heading-tag{\nfont-size:0.8em;\n}\n}\n<\/style>\n<div  class='av-special-heading av-1rc5ga-ee8fa0fc2553dea90652773bebe594bc av-special-heading-h1 blockquote modern-quote modern-centered  avia-builder-el-1  el_after_av_section  el_before_av_section  avia-builder-el-no-sibling  av-inherit-size'><h1 class='av-special-heading-tag '  itemprop=\"headline\"  >Anreise <span class='special_amp'>&amp;<\/span> Parkplatz<\/h1><div class=\"special-heading-border\"><div class=\"special-heading-inner-border\"><\/div><\/div><\/div>\n<\/div><\/div><\/div><!-- close content main div --><\/div><\/div>\n<style type=\"text\/css\" data-created_by=\"avia_inline_auto\" id=\"style-css-av-21oyqy-ab44004e0c7230da4c90c10281e8cb7c\">\n.avia-section.av-21oyqy-ab44004e0c7230da4c90c10281e8cb7c{\nmargin-top:0px;\nmargin-bottom:130px;\n}\n<\/style>\n<div id='av_section_2'  class='avia-section av-21oyqy-ab44004e0c7230da4c90c10281e8cb7c main_color avia-section-no-padding avia-no-border-styling  avia-builder-el-2  el_after_av_heading  el_before_av_section  avia-bg-style-scroll container_wrap fullsize'  ><div class='container av-section-cont-open' ><div class='template-page content  av-content-full alpha units'><div class='post-entry post-entry-type-page post-entry-746'><div class='entry-content-wrapper clearfix'>\n\n<style type=\"text\/css\" data-created_by=\"avia_inline_auto\" id=\"style-css-av-1l8b3m-85283b41d8d358b81f3165a1aa830897\">\n.flex_column.av-1l8b3m-85283b41d8d358b81f3165a1aa830897{\nborder-radius:0px 0px 0px 0px;\npadding:0px 0px 0px 0px;\n}\n<\/style>\n<div  class='flex_column av-1l8b3m-85283b41d8d358b81f3165a1aa830897 av_one_half  avia-builder-el-3  el_before_av_one_half  avia-builder-el-first  first flex_column_div av-zero-column-padding  '     ><section  class='av_textblock_section av-595zm-ae3410239e9423e4dc5b171f934e846b '   itemscope=\"itemscope\" itemtype=\"https:\/\/schema.org\/CreativeWork\" ><div class='avia_textblock'  itemprop=\"text\" ><h2><strong>Anreise mit dem Auto<\/strong><\/h2>\n<p>Unsere GPS-Adresse ist: Via Circonvallazione 26, CH-6612 Ascona<\/p>\n<h3><\/h3>\n<h3><strong>Parkplatz<\/strong><\/h3>\n<ul>\n<li>Ein privater, offener Parkplatz befindet sich auf dem Hotelgel\u00e4nde hinter dem Haus. Der Preis ist CHF 5.&#8211; pro Nacht.<\/li>\n<\/ul>\n<ul>\n<li>F\u00fcr einen Einstellplatz in unserer Garage berechnen wir CHF 25.&#8211; pro Nacht, eine Reservierung wird empfohlen.<\/li>\n<\/ul>\n<ul>\n<li>Elektro-Ladestationen stehen in der Garage kostenpflichtig zur Verf\u00fcgung. Porsche Destination Charger sind f\u00fcr alle Elektro und Hybrid Autos geeignet.<\/li>\n<\/ul>\n<p><img decoding=\"async\" class=\"alignnone size-medium wp-image-7319\" src=\"https:\/\/www.castello-seeschloss.ch\/wp-content\/uploads\/2017\/01\/Porsche-destination-charging-300x150.jpg\" alt=\"\" width=\"300\" height=\"150\" srcset=\"https:\/\/www.castello-seeschloss.ch\/wp-content\/uploads\/2017\/01\/Porsche-destination-charging-300x150.jpg 300w, https:\/\/www.castello-seeschloss.ch\/wp-content\/uploads\/2017\/01\/Porsche-destination-charging-768x384.jpg 768w, https:\/\/www.castello-seeschloss.ch\/wp-content\/uploads\/2017\/01\/Porsche-destination-charging-1030x515.jpg 1030w, https:\/\/www.castello-seeschloss.ch\/wp-content\/uploads\/2017\/01\/Porsche-destination-charging.jpg 1260w, https:\/\/www.castello-seeschloss.ch\/wp-content\/uploads\/2017\/01\/Porsche-destination-charging-705x353.jpg 705w, https:\/\/www.castello-seeschloss.ch\/wp-content\/uploads\/2017\/01\/Porsche-destination-charging-450x225.jpg 450w\" sizes=\"(max-width: 300px) 100vw, 300px\" \/><\/p>\n<h4><\/h4>\n<h3><\/h3>\n<h3><\/h3>\n<\/div><\/section><\/div>\n<style type=\"text\/css\" data-created_by=\"avia_inline_auto\" id=\"style-css-av-18xuuy-642b4c48008b10f0a39b1691635c848b\">\n.flex_column.av-18xuuy-642b4c48008b10f0a39b1691635c848b{\nborder-radius:0px 0px 0px 0px;\npadding:0px 0px 0px 0px;\n}\n<\/style>\n<div  class='flex_column av-18xuuy-642b4c48008b10f0a39b1691635c848b av_one_half  avia-builder-el-5  el_after_av_one_half  el_before_av_hr  flex_column_div av-zero-column-padding  '     ><section  class='av_textblock_section av-12udmi-385c857aae1bfececfebf3241d383c85 '   itemscope=\"itemscope\" itemtype=\"https:\/\/schema.org\/CreativeWork\" ><div class='avia_textblock'  itemprop=\"text\" ><h2><strong>Anreise mit dem \u00f6ff. Verkehr<\/strong><\/h2>\n<p>Anreise ab Bahnhof Locarno:<\/p>\n<h3><strong>Bus:<\/strong><\/h3>\n<ul>\n<li>Nr. 1 bis Bushaltestelle Ascona Scuole oder Ascona Centro. Von den beiden Bushaltestellen erreichen Sie unser Hotel in wenigen Gehminuten.<\/li>\n<\/ul>\n<h3>Taxi:<\/h3>\n<ul>\n<li>Mit dem Taxi ist das Castello schnell und bequem zu erreichen. Eine Fahrt ab dem Bahnhof Locarno kostet ca. 25- 30 Franken.<\/li>\n<\/ul>\n<p><img decoding=\"async\" class=\"alignnone size-full wp-image-7303\" src=\"https:\/\/www.castello-seeschloss.ch\/wp-content\/uploads\/2017\/01\/stazione-Locarno.jpg\" alt=\"\" width=\"291\" height=\"173\" \/><\/p>\n<p>SBB\u00a0<a href=\"http:\/\/www.sbb.ch\" target=\"_blank\" rel=\"noopener noreferrer\">Online Fahrplan<\/a><\/p>\n<\/div><\/section><\/div><div  class='hr av-xv70a-79a0d909eebbdc8a9080b6db00350b46 hr-default  avia-builder-el-7  el_after_av_one_half  el_before_av_one_half '><span class='hr-inner '><span class=\"hr-inner-style\"><\/span><\/span><\/div>\n\n<style type=\"text\/css\" data-created_by=\"avia_inline_auto\" id=\"style-css-av-shpqa-c2ed1eaeb226aa0165d28179906869bd\">\n.flex_column.av-shpqa-c2ed1eaeb226aa0165d28179906869bd{\nborder-radius:0px 0px 0px 0px;\npadding:0px 0px 0px 0px;\n}\n<\/style>\n<div  class='flex_column av-shpqa-c2ed1eaeb226aa0165d28179906869bd av_one_half  avia-builder-el-8  el_after_av_hr  el_before_av_one_half  first flex_column_div av-zero-column-padding  '     ><\/div>\n<style type=\"text\/css\" data-created_by=\"avia_inline_auto\" id=\"style-css-av-g3d22-6774f04aa052484419f80acd649ad091\">\n.flex_column.av-g3d22-6774f04aa052484419f80acd649ad091{\nborder-radius:0px 0px 0px 0px;\npadding:0px 0px 0px 0px;\n}\n<\/style>\n<div  class='flex_column av-g3d22-6774f04aa052484419f80acd649ad091 av_one_half  avia-builder-el-10  el_after_av_one_half  avia-builder-el-last  flex_column_div av-zero-column-padding  '     ><section  class='av_textblock_section av-vjlu-3ce2afd6abb6b63f2183eda0c7ea25fd '   itemscope=\"itemscope\" itemtype=\"https:\/\/schema.org\/CreativeWork\" ><div class='avia_textblock'  itemprop=\"text\" ><div id=\"c81\" class=\"csc-default\">\n<div id=\"c81\" class=\"csc-default\">\n<p>Am s\u00fcd\u00f6stlichen Ende der wundersch\u00f6nen Piazza von Ascona, direkt am Lago Maggiore, liegt das Romantik Hotel Castello Seeschloss.<\/p>\n<p>Die zentrale Lage und die gute Erreichbarkeit, sowohl mit \u00f6ffentlichen Verkehrsmittteln, als auch mit dem Auto, machen das Romantik Hotel Castello Seeschloss zu einem idealen Ausgangspunkt f\u00fcr einen Bummel duch die Altstadt von Ascona oder f\u00fcr Ausfl\u00fcge auf dem Lago Maggiore oder in die abwechslungsreiche Region.<\/p>\n<p>Castello Seeschloss Hotel<br \/>\nFamilien Ris &#038; Heiserer<br \/>\nVia Circonvallazione 26 CH &#8211; 6612 Ascona<br \/>\nT +41 (0)91 791 01 61 F +41 (0)91 791 18 04<br \/>\n<a href=\"mailto:hotel@castello-seeschloss.ch\">hotel@castello-seeschloss.ch<\/a><\/p>\n<p><a href=\"http:\/\/fahrplan.sbb.ch\/bin\/query.exe\/dn?REQ0JourneyStopsZID=A=2@O=6612 Ascona, Via Circonvallazione 26@X=8771089@Y=46152857@U=103@L=990110877@B=1@p=1413523432@&#038;externalCall=yes&#038;DCSext.wt_fp_request=partner_button&#038;\" target=\"_blank\" rel=\"noopener noreferrer\">Zum Online-Fahrplan<\/a><\/p>\n<\/div>\n<\/div>\n<\/div><\/section><\/div>\n\n<\/div><\/div><\/div><!-- close content main div --><\/div><\/div>\n<style type=\"text\/css\" data-created_by=\"avia_inline_auto\" id=\"style-css-av-bh26a-26b3806ee90617211b349936909d7254\">\n.avia-section.av-bh26a-26b3806ee90617211b349936909d7254{\nbackground-repeat:no-repeat;\nbackground-image:url(https:\/\/www.castello-seeschloss.ch\/wp-content\/uploads\/2015\/07\/Slider_Large_CastelloFront_600.jpg);\nbackground-position:50% 100%;\nbackground-attachment:scroll;\n}\n<\/style>\n<div id='av_section_3'  class='avia-section av-bh26a-26b3806ee90617211b349936909d7254 main_color avia-section-default avia-no-shadow  avia-builder-el-12  el_after_av_section  avia-builder-el-last  avia-full-stretch avia-bg-style-scroll av-minimum-height av-minimum-height-50 av-height-50  container_wrap fullsize'  data-section-bg-repeat='stretch' data-av_minimum_height_pc='50' data-av_min_height_opt='50'><div class='container av-section-cont-open' ><div class='template-page content  av-content-full alpha units'><div class='post-entry post-entry-type-page post-entry-746'><div class='entry-content-wrapper clearfix'>\n","protected":false},"excerpt":{"rendered":"","protected":false},"author":2,"featured_media":0,"parent":0,"menu_order":0,"comment_status":"closed","ping_status":"closed","template":"","meta":{"footnotes":""},"class_list":["post-746","page","type-page","status-publish","hentry"],"yoast_head":"<!-- This site is optimized with the Yoast SEO plugin v27.2 - https:\/\/yoast.com\/product\/yoast-seo-wordpress\/ -->\n<title>Anreise \/ Parkplatz - Romantik Hotel Castello Seeschloss<\/title>\n<meta name=\"robots\" content=\"index, follow, max-snippet:-1, max-image-preview:large, max-video-preview:-1\" \/>\n<link rel=\"canonical\" href=\"https:\/\/www.castello-seeschloss.ch\/de\/anreise\/\" \/>\n<meta property=\"og:locale\" content=\"de_DE\" \/>\n<meta property=\"og:type\" content=\"article\" \/>\n<meta property=\"og:title\" content=\"Anreise \/ Parkplatz - Romantik Hotel Castello Seeschloss\" \/>\n<meta property=\"og:url\" content=\"https:\/\/www.castello-seeschloss.ch\/de\/anreise\/\" \/>\n<meta property=\"og:site_name\" content=\"Romantik Hotel Castello Seeschloss\" \/>\n<meta property=\"article:modified_time\" content=\"2024-03-28T07:10:02+00:00\" \/>\n<meta property=\"og:image\" content=\"https:\/\/www.castello-seeschloss.ch\/wp-content\/uploads\/2017\/01\/Porsche-destination-charging-300x150.jpg\" \/>\n<meta name=\"twitter:card\" content=\"summary_large_image\" \/>\n<script type=\"application\/ld+json\" class=\"yoast-schema-graph\">{\"@context\":\"https:\/\/schema.org\",\"@graph\":[{\"@type\":\"WebPage\",\"@id\":\"https:\/\/www.castello-seeschloss.ch\/de\/anreise\/\",\"url\":\"https:\/\/www.castello-seeschloss.ch\/de\/anreise\/\",\"name\":\"Anreise \/ Parkplatz - Romantik Hotel Castello Seeschloss\",\"isPartOf\":{\"@id\":\"https:\/\/www.castello-seeschloss.ch\/#website\"},\"primaryImageOfPage\":{\"@id\":\"https:\/\/www.castello-seeschloss.ch\/de\/anreise\/#primaryimage\"},\"image\":{\"@id\":\"https:\/\/www.castello-seeschloss.ch\/de\/anreise\/#primaryimage\"},\"thumbnailUrl\":\"https:\/\/www.castello-seeschloss.ch\/wp-content\/uploads\/2017\/01\/Porsche-destination-charging-300x150.jpg\",\"datePublished\":\"2017-01-24T07:24:15+00:00\",\"dateModified\":\"2024-03-28T07:10:02+00:00\",\"breadcrumb\":{\"@id\":\"https:\/\/www.castello-seeschloss.ch\/de\/anreise\/#breadcrumb\"},\"inLanguage\":\"de\",\"potentialAction\":[{\"@type\":\"ReadAction\",\"target\":[\"https:\/\/www.castello-seeschloss.ch\/de\/anreise\/\"]}]},{\"@type\":\"ImageObject\",\"inLanguage\":\"de\",\"@id\":\"https:\/\/www.castello-seeschloss.ch\/de\/anreise\/#primaryimage\",\"url\":\"https:\/\/www.castello-seeschloss.ch\/wp-content\/uploads\/2017\/01\/Porsche-destination-charging-300x150.jpg\",\"contentUrl\":\"https:\/\/www.castello-seeschloss.ch\/wp-content\/uploads\/2017\/01\/Porsche-destination-charging-300x150.jpg\"},{\"@type\":\"BreadcrumbList\",\"@id\":\"https:\/\/www.castello-seeschloss.ch\/de\/anreise\/#breadcrumb\",\"itemListElement\":[{\"@type\":\"ListItem\",\"position\":1,\"name\":\"Startseite\",\"item\":\"https:\/\/www.castello-seeschloss.ch\/de\/romantik-hotel-in-ascona-am-lago-maggiore-castello-seeschloss\/\"},{\"@type\":\"ListItem\",\"position\":2,\"name\":\"Anreise \/ Parkplatz\"}]},{\"@type\":\"WebSite\",\"@id\":\"https:\/\/www.castello-seeschloss.ch\/#website\",\"url\":\"https:\/\/www.castello-seeschloss.ch\/\",\"name\":\"Romantik Hotel Castello Seeschloss\",\"description\":\"Ascona Tessin\",\"potentialAction\":[{\"@type\":\"SearchAction\",\"target\":{\"@type\":\"EntryPoint\",\"urlTemplate\":\"https:\/\/www.castello-seeschloss.ch\/?s={search_term_string}\"},\"query-input\":{\"@type\":\"PropertyValueSpecification\",\"valueRequired\":true,\"valueName\":\"search_term_string\"}}],\"inLanguage\":\"de\"}]}<\/script>\n<!-- \/ Yoast SEO plugin. -->","yoast_head_json":{"title":"Anreise \/ Parkplatz - Romantik Hotel Castello Seeschloss","robots":{"index":"index","follow":"follow","max-snippet":"max-snippet:-1","max-image-preview":"max-image-preview:large","max-video-preview":"max-video-preview:-1"},"canonical":"https:\/\/www.castello-seeschloss.ch\/de\/anreise\/","og_locale":"de_DE","og_type":"article","og_title":"Anreise \/ Parkplatz - Romantik Hotel Castello Seeschloss","og_url":"https:\/\/www.castello-seeschloss.ch\/de\/anreise\/","og_site_name":"Romantik Hotel Castello Seeschloss","article_modified_time":"2024-03-28T07:10:02+00:00","og_image":[{"url":"https:\/\/www.castello-seeschloss.ch\/wp-content\/uploads\/2017\/01\/Porsche-destination-charging-300x150.jpg","type":"","width":"","height":""}],"twitter_card":"summary_large_image","schema":{"@context":"https:\/\/schema.org","@graph":[{"@type":"WebPage","@id":"https:\/\/www.castello-seeschloss.ch\/de\/anreise\/","url":"https:\/\/www.castello-seeschloss.ch\/de\/anreise\/","name":"Anreise \/ Parkplatz - Romantik Hotel Castello Seeschloss","isPartOf":{"@id":"https:\/\/www.castello-seeschloss.ch\/#website"},"primaryImageOfPage":{"@id":"https:\/\/www.castello-seeschloss.ch\/de\/anreise\/#primaryimage"},"image":{"@id":"https:\/\/www.castello-seeschloss.ch\/de\/anreise\/#primaryimage"},"thumbnailUrl":"https:\/\/www.castello-seeschloss.ch\/wp-content\/uploads\/2017\/01\/Porsche-destination-charging-300x150.jpg","datePublished":"2017-01-24T07:24:15+00:00","dateModified":"2024-03-28T07:10:02+00:00","breadcrumb":{"@id":"https:\/\/www.castello-seeschloss.ch\/de\/anreise\/#breadcrumb"},"inLanguage":"de","potentialAction":[{"@type":"ReadAction","target":["https:\/\/www.castello-seeschloss.ch\/de\/anreise\/"]}]},{"@type":"ImageObject","inLanguage":"de","@id":"https:\/\/www.castello-seeschloss.ch\/de\/anreise\/#primaryimage","url":"https:\/\/www.castello-seeschloss.ch\/wp-content\/uploads\/2017\/01\/Porsche-destination-charging-300x150.jpg","contentUrl":"https:\/\/www.castello-seeschloss.ch\/wp-content\/uploads\/2017\/01\/Porsche-destination-charging-300x150.jpg"},{"@type":"BreadcrumbList","@id":"https:\/\/www.castello-seeschloss.ch\/de\/anreise\/#breadcrumb","itemListElement":[{"@type":"ListItem","position":1,"name":"Startseite","item":"https:\/\/www.castello-seeschloss.ch\/de\/romantik-hotel-in-ascona-am-lago-maggiore-castello-seeschloss\/"},{"@type":"ListItem","position":2,"name":"Anreise \/ Parkplatz"}]},{"@type":"WebSite","@id":"https:\/\/www.castello-seeschloss.ch\/#website","url":"https:\/\/www.castello-seeschloss.ch\/","name":"Romantik Hotel Castello Seeschloss","description":"Ascona Tessin","potentialAction":[{"@type":"SearchAction","target":{"@type":"EntryPoint","urlTemplate":"https:\/\/www.castello-seeschloss.ch\/?s={search_term_string}"},"query-input":{"@type":"PropertyValueSpecification","valueRequired":true,"valueName":"search_term_string"}}],"inLanguage":"de"}]}},"publishpress_future_workflow_manual_trigger":{"enabledWorkflows":[]},"_links":{"self":[{"href":"https:\/\/www.castello-seeschloss.ch\/de\/wp-json\/wp\/v2\/pages\/746","targetHints":{"allow":["GET"]}}],"collection":[{"href":"https:\/\/www.castello-seeschloss.ch\/de\/wp-json\/wp\/v2\/pages"}],"about":[{"href":"https:\/\/www.castello-seeschloss.ch\/de\/wp-json\/wp\/v2\/types\/page"}],"author":[{"embeddable":true,"href":"https:\/\/www.castello-seeschloss.ch\/de\/wp-json\/wp\/v2\/users\/2"}],"replies":[{"embeddable":true,"href":"https:\/\/www.castello-seeschloss.ch\/de\/wp-json\/wp\/v2\/comments?post=746"}],"version-history":[{"count":0,"href":"https:\/\/www.castello-seeschloss.ch\/de\/wp-json\/wp\/v2\/pages\/746\/revisions"}],"wp:attachment":[{"href":"https:\/\/www.castello-seeschloss.ch\/de\/wp-json\/wp\/v2\/media?parent=746"}],"curies":[{"name":"wp","href":"https:\/\/api.w.org\/{rel}","templated":true}]}}