{"id":899,"date":"2017-01-24T10:50:46","date_gmt":"2017-01-24T09:50:46","guid":{"rendered":"https:\/\/www.castello-seeschloss.ch\/?page_id=899"},"modified":"2024-03-28T21:18:16","modified_gmt":"2024-03-28T20:18:16","slug":"bankette-hochzeiten-meetings","status":"publish","type":"page","link":"https:\/\/www.castello-seeschloss.ch\/de\/bankette-hochzeiten-meetings\/","title":{"rendered":"Bankette \/ Hochzeiten \/ Meetings"},"content":{"rendered":"\n<style type=\"text\/css\" data-created_by=\"avia_inline_auto\" id=\"style-css-av-26kxqr-6842298971eb7e6b3ad1b6c4478c8942\">\n.avia-section.av-26kxqr-6842298971eb7e6b3ad1b6c4478c8942{\nbackground-repeat:no-repeat;\nbackground-image:url(https:\/\/www.castello-seeschloss.ch\/wp-content\/uploads\/2017\/01\/bankets_hochzeiten_meetings.jpg);\nbackground-position:50% 0%;\nbackground-attachment:scroll;\n}\n<\/style>\n<div id='av_section_1'  class='avia-section av-26kxqr-6842298971eb7e6b3ad1b6c4478c8942 main_color avia-section-default avia-no-shadow  avia-builder-el-0  el_before_av_heading  avia-builder-el-first  avia-full-stretch avia-bg-style-scroll av-minimum-height av-minimum-height-50 av-height-50  container_wrap fullsize'  data-section-bg-repeat='stretch' data-av_minimum_height_pc='50' data-av_min_height_opt='50'><div class='container av-section-cont-open' ><main  role=\"main\" itemprop=\"mainContentOfPage\"  class='template-page content  av-content-full alpha units'><div class='post-entry post-entry-type-page post-entry-899'><div class='entry-content-wrapper clearfix'><\/div><\/div><\/main><!-- close content main element --><\/div><\/div><div id='after_section_1'  class='main_color av_default_container_wrap container_wrap fullsize'  ><div class='container av-section-cont-open' ><div class='template-page content  av-content-full alpha units'><div class='post-entry post-entry-type-page post-entry-899'><div class='entry-content-wrapper clearfix'>\n\n<style type=\"text\/css\" data-created_by=\"avia_inline_auto\" id=\"style-css-av-l7z5cj-360d7eeed312b06882de7f1d9e7180ef\">\n#top .av-special-heading.av-l7z5cj-360d7eeed312b06882de7f1d9e7180ef{\npadding-bottom:20px;\nfont-size:40px;\n}\nbody .av-special-heading.av-l7z5cj-360d7eeed312b06882de7f1d9e7180ef .av-special-heading-tag .heading-char{\nfont-size:25px;\n}\n#top #wrap_all .av-special-heading.av-l7z5cj-360d7eeed312b06882de7f1d9e7180ef .av-special-heading-tag{\nfont-size:40px;\n}\n.av-special-heading.av-l7z5cj-360d7eeed312b06882de7f1d9e7180ef .av-subheading{\nfont-size:15px;\n}\n\n@media only screen and (min-width: 480px) and (max-width: 767px){ \n#top #wrap_all .av-special-heading.av-l7z5cj-360d7eeed312b06882de7f1d9e7180ef .av-special-heading-tag{\nfont-size:0.8em;\n}\n}\n\n@media only screen and (max-width: 479px){ \n#top #wrap_all .av-special-heading.av-l7z5cj-360d7eeed312b06882de7f1d9e7180ef .av-special-heading-tag{\nfont-size:0.8em;\n}\n}\n<\/style>\n<div  class='av-special-heading av-l7z5cj-360d7eeed312b06882de7f1d9e7180ef av-special-heading-h2 blockquote modern-quote modern-centered  avia-builder-el-1  el_after_av_section  el_before_av_section  avia-builder-el-no-sibling  av-inherit-size'><h2 class='av-special-heading-tag '  itemprop=\"headline\"  >Bankette \/ Hochzeiten \/ Meetings<\/h2><div class=\"special-heading-border\"><div class=\"special-heading-inner-border\"><\/div><\/div><\/div>\n<\/div><\/div><\/div><!-- close content main div --><\/div><\/div>\n<style type=\"text\/css\" data-created_by=\"avia_inline_auto\" id=\"style-css-av-l2xirn-ba397278acff7f0549670eed6231df4f\">\n.avia-section.av-l2xirn-ba397278acff7f0549670eed6231df4f{\nmargin-top:0px;\nmargin-bottom:130px;\n}\n<\/style>\n<div id='av_section_2'  class='avia-section av-l2xirn-ba397278acff7f0549670eed6231df4f main_color avia-section-no-padding avia-no-border-styling  avia-builder-el-2  el_after_av_heading  avia-builder-el-last  avia-bg-style-scroll container_wrap fullsize'  ><div class='container av-section-cont-open' ><div class='template-page content  av-content-full alpha units'><div class='post-entry post-entry-type-page post-entry-899'><div class='entry-content-wrapper clearfix'>\n\n<style type=\"text\/css\" data-created_by=\"avia_inline_auto\" id=\"style-css-av-kyqbv7-572519ed2a856e6a855d0dcc949136f1\">\n.flex_column.av-kyqbv7-572519ed2a856e6a855d0dcc949136f1{\nborder-radius:0px 0px 0px 0px;\npadding:0px 0px 0px 0px;\n}\n<\/style>\n<div  class='flex_column av-kyqbv7-572519ed2a856e6a855d0dcc949136f1 av_one_full  avia-builder-el-3  el_before_av_two_fifth  avia-builder-el-first  first flex_column_div av-zero-column-padding  '     ><p><section  class='av_textblock_section av-22o52j-19d7950caedcb23bd94c909b8fb00668 '   itemscope=\"itemscope\" itemtype=\"https:\/\/schema.org\/CreativeWork\" ><div class='avia_textblock'  itemprop=\"text\" ><p>Seminare, Meetings, Bankette &#038; Hochzeiten im Romantik Hotel Castello Seeschloss in Ascona bestens geeignet f\u00fcr kleine Gruppen<\/p>\n<p>Zum Erlebnis der gehobenen Art tragen allein schon die Lokalit\u00e4ten bei:<\/p>\n<p>Als Tagungsr\u00e4ume dienen gr\u00f6sstenteils historische S\u00e4le, sowie unser Turmzimmer mit Blick zum See f\u00fcr kleinere Gruppen. Kunstvolle Deckenmalereien, edle Holzverkleidungen sowie die Kunstwerke setzen reizvolle Akzente, ohne \u00fcberladen zu wirken. Nat\u00fcrlich ist die Infrastruktur auch in diesen geschichtstr\u00e4chtigen R\u00e4umen so funktionell und effizient, wie sich das unsere G\u00e4ste nur w\u00fcnschen k\u00f6nnen.<\/p>\n<p>N\u00e4chtigen werden die Teilnehmer in 45 individuell gestalteten Zimmern und Turmzimmer, die Nachtruhe vom Feinsten versprechen. F\u00fcr das leibliche Wohl ist mit der gastronomischen Vielfalt unter einem Dach und \u2013 nat\u00fcrlich \u2013 mit fachkompetenter Beratung und massgeschneiderten Konzepten gesorgt.<\/p>\n<p>Falls Sie ein Seminar im Freien w\u00fcnschen, h\u00e4tten wir auch die perfekte Location f\u00fcr Sie, ob im Innenhof, der Palmenterrasse zum See oder die Fr\u00fchst\u00fccksterrasse mit Morgensonne.<\/p>\n<p><a href=\"https:\/\/www.castello-seeschloss.ch\/wp-content\/uploads\/2023\/06\/PP-Hochzeit-D-neu.pdf\" target=\"_blank\" rel=\"noopener\">Hochzeitsbrosch\u00fcre<\/a><\/p>\n<\/div><\/section><br \/>\n\n<style type=\"text\/css\" data-created_by=\"avia_inline_auto\" id=\"style-css-av-g3ek3n-376b6943cc77a3dfe18178b7bccb3abf\">\n#top .av-special-heading.av-g3ek3n-376b6943cc77a3dfe18178b7bccb3abf{\npadding-bottom:20px;\nfont-size:40px;\n}\nbody .av-special-heading.av-g3ek3n-376b6943cc77a3dfe18178b7bccb3abf .av-special-heading-tag .heading-char{\nfont-size:25px;\n}\n#top #wrap_all .av-special-heading.av-g3ek3n-376b6943cc77a3dfe18178b7bccb3abf .av-special-heading-tag{\nfont-size:40px;\n}\n.av-special-heading.av-g3ek3n-376b6943cc77a3dfe18178b7bccb3abf .av-subheading{\nfont-size:15px;\n}\n\n@media only screen and (min-width: 480px) and (max-width: 767px){ \n#top #wrap_all .av-special-heading.av-g3ek3n-376b6943cc77a3dfe18178b7bccb3abf .av-special-heading-tag{\nfont-size:0.8em;\n}\n}\n\n@media only screen and (max-width: 479px){ \n#top #wrap_all .av-special-heading.av-g3ek3n-376b6943cc77a3dfe18178b7bccb3abf .av-special-heading-tag{\nfont-size:0.8em;\n}\n}\n<\/style>\n<div  class='av-special-heading av-g3ek3n-376b6943cc77a3dfe18178b7bccb3abf av-special-heading-h2 blockquote modern-quote modern-centered  avia-builder-el-5  el_after_av_textblock  avia-builder-el-last  av-inherit-size'><h2 class='av-special-heading-tag '  itemprop=\"headline\"  >Spezifische Daten<\/h2><div class=\"special-heading-border\"><div class=\"special-heading-inner-border\"><\/div><\/div><\/div><\/p><\/div>\n<style type=\"text\/css\" data-created_by=\"avia_inline_auto\" id=\"style-css-av-g12so3-e0bc020b8c71dd4c629bfc7764c9a164\">\n.flex_column.av-g12so3-e0bc020b8c71dd4c629bfc7764c9a164{\nborder-radius:0px 0px 0px 0px;\npadding:0px 0px 0px 0px;\n}\n<\/style>\n<div  class='flex_column av-g12so3-e0bc020b8c71dd4c629bfc7764c9a164 av_two_fifth  avia-builder-el-6  el_after_av_one_full  el_before_av_three_fifth  first flex_column_div av-zero-column-padding  column-top-margin'     ><section  class='av_textblock_section av-ftubcr-3f7bf4952aba55846805a6a5cdb4842e '   itemscope=\"itemscope\" itemtype=\"https:\/\/schema.org\/CreativeWork\" ><div class='avia_textblock'  itemprop=\"text\" ><h3>Castello<\/h3>\n<\/div><\/section><\/div>\n<style type=\"text\/css\" data-created_by=\"avia_inline_auto\" id=\"style-css-av-1khk97-7fd3eef5dfea4bb9028b686a1690d08c\">\n.flex_column.av-1khk97-7fd3eef5dfea4bb9028b686a1690d08c{\nborder-radius:0px 0px 0px 0px;\npadding:0px 0px 0px 0px;\n}\n<\/style>\n<div  class='flex_column av-1khk97-7fd3eef5dfea4bb9028b686a1690d08c av_three_fifth  avia-builder-el-8  el_after_av_two_fifth  el_before_av_two_fifth  flex_column_div av-zero-column-padding  column-top-margin'     ><div class='avia-data-table-wrap av-fi8rpv-4bbc68634e1f43caf187605bf98377f3 avia_responsive_table avia-table-1'><table  class='avia-table avia-data-table avia_pricing_minimal  avia-builder-el-9  avia-builder-el-no-sibling '  itemscope=\"itemscope\" itemtype=\"https:\/\/schema.org\/Table\" ><tbody><tr class=''><td class='avia-highlight-col'>Geeignet f\u00fcr<\/td><td class=''>Tagungen, Familienfeiern<\/td><\/tr><tr class=''><td class='avia-highlight-col'>Personenzahl<\/td><td class=''>30 \/ 60<\/td><\/tr><tr class=''><td class='avia-highlight-col'>Technik<\/td><td class=''>10 Steckdosen \u00e0 220 V. Telefonanschluss<\/td><\/tr><tr class=''><td class='avia-highlight-col'>Gr\u00f6sse<\/td><td class=''>72 m\u00b2 plus 20 m\u00b2 Eingangsbereich<\/td><\/tr><\/tbody><\/table><\/div><\/div>\n<style type=\"text\/css\" data-created_by=\"avia_inline_auto\" id=\"style-css-av-ddy3bf-e790cbceb6d2892a114a8293213ae1fe\">\n.flex_column.av-ddy3bf-e790cbceb6d2892a114a8293213ae1fe{\nborder-radius:0px 0px 0px 0px;\npadding:0px 0px 0px 0px;\n}\n<\/style>\n<div  class='flex_column av-ddy3bf-e790cbceb6d2892a114a8293213ae1fe av_two_fifth  avia-builder-el-10  el_after_av_three_fifth  el_before_av_three_fifth  first flex_column_div av-zero-column-padding  '     ><section  class='av_textblock_section av-d3bb83-c8e8c73bdbd81c64101c0a0f9618e105 '   itemscope=\"itemscope\" itemtype=\"https:\/\/schema.org\/CreativeWork\" ><div class='avia_textblock'  itemprop=\"text\" ><h3>Turmzimmer zum See<\/h3>\n<\/div><\/section><\/div>\n<style type=\"text\/css\" data-created_by=\"avia_inline_auto\" id=\"style-css-av-cz87p7-c2ed14ad4b433235db4b6a3dcc92b4ca\">\n.flex_column.av-cz87p7-c2ed14ad4b433235db4b6a3dcc92b4ca{\nborder-radius:0px 0px 0px 0px;\npadding:0px 0px 0px 0px;\n}\n<\/style>\n<div  class='flex_column av-cz87p7-c2ed14ad4b433235db4b6a3dcc92b4ca av_three_fifth  avia-builder-el-12  el_after_av_two_fifth  el_before_av_two_fifth  flex_column_div av-zero-column-padding  '     ><div class='avia-data-table-wrap av-ct87gr-a167aa7323f00d46582d500c7b7d2a18 avia_responsive_table avia-table-2'><table  class='avia-table avia-data-table avia_pricing_minimal  avia-builder-el-13  avia-builder-el-no-sibling '  itemscope=\"itemscope\" itemtype=\"https:\/\/schema.org\/Table\" ><tbody><tr class=''><td class='avia-highlight-col'>Geeignet f\u00fcr<\/td><td class=''>Tagungen, Familienfeiern, Sitzungen<\/td><\/tr><tr class=''><td class='avia-highlight-col'>Personenzahl<\/td><td class=''>12<\/td><\/tr><tr class=''><td class='avia-highlight-col'>Technik<\/td><td class=''>4 Steckdosen \u00e0 220 V. Telefonanschluss<\/td><\/tr><tr class=''><td class='avia-highlight-col'>Gr\u00f6sse<\/td><td class=''>26 m\u00b2<\/td><\/tr><\/tbody><\/table><\/div><\/div>\n<style type=\"text\/css\" data-created_by=\"avia_inline_auto\" id=\"style-css-av-aq7xl7-e9bd1333f78ca4895486b69279999a98\">\n.flex_column.av-aq7xl7-e9bd1333f78ca4895486b69279999a98{\nborder-radius:0px 0px 0px 0px;\npadding:0px 0px 0px 0px;\n}\n<\/style>\n<div  class='flex_column av-aq7xl7-e9bd1333f78ca4895486b69279999a98 av_two_fifth  avia-builder-el-14  el_after_av_three_fifth  el_before_av_three_fifth  first flex_column_div av-zero-column-padding  '     ><section  class='av_textblock_section av-aiyyiz-f474da3d680c9526a425800a8cd8fb9e '   itemscope=\"itemscope\" itemtype=\"https:\/\/schema.org\/CreativeWork\" ><div class='avia_textblock'  itemprop=\"text\" ><h3>De Ghiriglioni mit Innenhof<\/h3>\n<\/div><\/section><\/div>\n<style type=\"text\/css\" data-created_by=\"avia_inline_auto\" id=\"style-css-av-ae6b8z-25920798689aecce4fb4840ba371e724\">\n.flex_column.av-ae6b8z-25920798689aecce4fb4840ba371e724{\nborder-radius:0px 0px 0px 0px;\npadding:0px 0px 0px 0px;\n}\n<\/style>\n<div  class='flex_column av-ae6b8z-25920798689aecce4fb4840ba371e724 av_three_fifth  avia-builder-el-16  el_after_av_two_fifth  el_before_av_two_fifth  flex_column_div av-zero-column-padding  '     ><div class='avia-data-table-wrap av-a6b2hn-478751f6a4f03ff3d6155c116033e201 avia_responsive_table avia-table-3'><table  class='avia-table avia-data-table avia_pricing_minimal  avia-builder-el-17  avia-builder-el-no-sibling '  itemscope=\"itemscope\" itemtype=\"https:\/\/schema.org\/Table\" ><tbody><tr class=''><td class='avia-highlight-col'>Geeignet f\u00fcr<\/td><td class=''>Familienfeiern, Cocktailparties, Tagungen<\/td><\/tr><tr class=''><td class='avia-highlight-col'>Personenzahl<\/td><td class=''>20 \/ 30<\/td><\/tr><tr class=''><td class='avia-highlight-col'>Technik<\/td><td class=''>4 Steckdosen \u00e0 220 V. Telefonanschluss<\/td><\/tr><tr class=''><td class='avia-highlight-col'>Gr\u00f6sse<\/td><td class=''>70 m\u00b2<\/td><\/tr><\/tbody><\/table><\/div><\/div>\n<style type=\"text\/css\" data-created_by=\"avia_inline_auto\" id=\"style-css-av-7z448b-35c8a9d752fa5faa017a95aaa3a1dd33\">\n.flex_column.av-7z448b-35c8a9d752fa5faa017a95aaa3a1dd33{\nborder-radius:0px 0px 0px 0px;\npadding:0px 0px 0px 0px;\n}\n<\/style>\n<div  class='flex_column av-7z448b-35c8a9d752fa5faa017a95aaa3a1dd33 av_two_fifth  avia-builder-el-18  el_after_av_three_fifth  el_before_av_three_fifth  first flex_column_div av-zero-column-padding  '     ><section  class='av_textblock_section av-7x5qa3-d7de575e4b4dbed37d59e38b5eee5d38 '   itemscope=\"itemscope\" itemtype=\"https:\/\/schema.org\/CreativeWork\" ><div class='avia_textblock'  itemprop=\"text\" ><h3>Ristorante al Lago<\/h3>\n<\/div><\/section><\/div>\n<style type=\"text\/css\" data-created_by=\"avia_inline_auto\" id=\"style-css-av-7pu3jf-b99140ace166c570df6d3d0ed67fc9d8\">\n.flex_column.av-7pu3jf-b99140ace166c570df6d3d0ed67fc9d8{\nborder-radius:0px 0px 0px 0px;\npadding:0px 0px 0px 0px;\n}\n<\/style>\n<div  class='flex_column av-7pu3jf-b99140ace166c570df6d3d0ed67fc9d8 av_three_fifth  avia-builder-el-20  el_after_av_two_fifth  el_before_av_two_fifth  flex_column_div av-zero-column-padding  '     ><div class='avia-data-table-wrap av-7ljwm3-688dcbf7888572a696721c76b7283c14 avia_responsive_table avia-table-4'><table  class='avia-table avia-data-table avia_pricing_minimal  avia-builder-el-21  avia-builder-el-no-sibling '  itemscope=\"itemscope\" itemtype=\"https:\/\/schema.org\/Table\" ><tbody><tr class=''><td class='avia-highlight-col'>Geeignet f\u00fcr<\/td><td class=''>Tagungen, Familienfeiern, Ap\u00e9ros Liveveranstaltungen, Cocktailparties<\/td><\/tr><tr class=''><td class='avia-highlight-col'>Personenzahl<\/td><td class=''>15 \/ 50 ( Bankett &#038; Tagung ) sowie bis 120 ( Events im Freien )<\/td><\/tr><tr class=''><td class='avia-highlight-col'>Technik<\/td><td class=''>4 Steckdosen \u00e0 220 V. Telefonanschluss<\/td><\/tr><tr class=''><td class='avia-highlight-col'>Gr\u00f6sse<\/td><td class=''>Inneraum 70 m\u00b2 plus Park<\/td><\/tr><\/tbody><\/table><\/div><\/div>\n<style type=\"text\/css\" data-created_by=\"avia_inline_auto\" id=\"style-css-av-5g20nn-db19ec4c968fe1bc6632d0ffd653f4aa\">\n.flex_column.av-5g20nn-db19ec4c968fe1bc6632d0ffd653f4aa{\nborder-radius:0px 0px 0px 0px;\npadding:0px 0px 0px 0px;\n}\n<\/style>\n<div  class='flex_column av-5g20nn-db19ec4c968fe1bc6632d0ffd653f4aa av_two_fifth  avia-builder-el-22  el_after_av_three_fifth  el_before_av_three_fifth  first flex_column_div av-zero-column-padding  '     ><section  class='av_textblock_section av-556bkr-70527af7df6fbee5f268f851d9f285c8 '   itemscope=\"itemscope\" itemtype=\"https:\/\/schema.org\/CreativeWork\" ><div class='avia_textblock'  itemprop=\"text\" ><h3>Markisenterrasse zum Garten<\/h3>\n<\/div><\/section><\/div>\n<style type=\"text\/css\" data-created_by=\"avia_inline_auto\" id=\"style-css-av-51fpwb-e1cd33c504897c4ae00bcbe8ce0c568f\">\n.flex_column.av-51fpwb-e1cd33c504897c4ae00bcbe8ce0c568f{\nborder-radius:0px 0px 0px 0px;\npadding:0px 0px 0px 0px;\n}\n<\/style>\n<div  class='flex_column av-51fpwb-e1cd33c504897c4ae00bcbe8ce0c568f av_three_fifth  avia-builder-el-24  el_after_av_two_fifth  el_before_av_two_fifth  flex_column_div av-zero-column-padding  '     ><div class='avia-data-table-wrap av-4tlqnv-bbfb33d398266f3541aa8f7764f064c7 avia_responsive_table avia-table-5'><table  class='avia-table avia-data-table avia_pricing_minimal  avia-builder-el-25  avia-builder-el-no-sibling '  itemscope=\"itemscope\" itemtype=\"https:\/\/schema.org\/Table\" ><tbody><tr class=''><td class='avia-highlight-col'>Geeignet f\u00fcr<\/td><td class=''>Ap\u00e9ros, Familienfeiern, Cocktailparties ( bei sch\u00f6nem Wetter und f\u00fcr kurzfristig disponierbare Anl\u00e4sse )<\/td><\/tr><tr class=''><td class='avia-highlight-col'>Personenzahl<\/td><td class=''>20 \/ 60<\/td><\/tr><tr class=''><td class='avia-highlight-col'>Technik<\/td><td class=''>keine<\/td><\/tr><tr class=''><td class='avia-highlight-col'>Gr\u00f6sse<\/td><td class=''>84 m\u00b2<\/td><\/tr><\/tbody><\/table><\/div><\/div>\n<style type=\"text\/css\" data-created_by=\"avia_inline_auto\" id=\"style-css-av-2q0zwj-78c67810a1d6978cf7890544cd5444bd\">\n.flex_column.av-2q0zwj-78c67810a1d6978cf7890544cd5444bd{\nborder-radius:0px 0px 0px 0px;\npadding:0px 0px 0px 0px;\n}\n<\/style>\n<div  class='flex_column av-2q0zwj-78c67810a1d6978cf7890544cd5444bd av_two_fifth  avia-builder-el-26  el_after_av_three_fifth  el_before_av_three_fifth  first flex_column_div av-zero-column-padding  '     ><section  class='av_textblock_section av-2lnms3-0748f14898493d000fbf45ca6007832c '   itemscope=\"itemscope\" itemtype=\"https:\/\/schema.org\/CreativeWork\" ><div class='avia_textblock'  itemprop=\"text\" ><h3>Palmenterrasse zum See<\/h3>\n<\/div><\/section><\/div>\n<style type=\"text\/css\" data-created_by=\"avia_inline_auto\" id=\"style-css-av-2gjbqz-d3b93512329ddcf7d5c2d4ed387bcf4b\">\n.flex_column.av-2gjbqz-d3b93512329ddcf7d5c2d4ed387bcf4b{\nborder-radius:0px 0px 0px 0px;\npadding:0px 0px 0px 0px;\n}\n<\/style>\n<div  class='flex_column av-2gjbqz-d3b93512329ddcf7d5c2d4ed387bcf4b av_three_fifth  avia-builder-el-28  el_after_av_two_fifth  avia-builder-el-last  flex_column_div av-zero-column-padding  '     ><div class='avia-data-table-wrap av-2939ab-dbfe16ce0767c12f5b15949223436dd0 avia_responsive_table avia-table-6'><table  class='avia-table avia-data-table avia_pricing_minimal  avia-builder-el-29  avia-builder-el-no-sibling '  itemscope=\"itemscope\" itemtype=\"https:\/\/schema.org\/Table\" ><tbody><tr class=''><td class='avia-highlight-col'>Geeignet f\u00fcr<\/td><td class=''>Ap\u00e9ros, Familienfeiern, Cocktailparties ( bei sch\u00f6nem Wetter und f\u00fcr kurzfristig disponierbare Anl\u00e4sse )<\/td><\/tr><tr class=''><td class='avia-highlight-col'>Personenzahl<\/td><td class=''>20 \/ 80<\/td><\/tr><tr class=''><td class='avia-highlight-col'>Technik<\/td><td class=''>keine<\/td><\/tr><tr class=''><td class='avia-highlight-col'>Gr\u00f6sse<\/td><td class=''>200 m\u00b2<\/td><\/tr><\/tbody><\/table><\/div><\/div>\n","protected":false},"excerpt":{"rendered":"","protected":false},"author":1,"featured_media":0,"parent":0,"menu_order":0,"comment_status":"closed","ping_status":"closed","template":"","meta":{"footnotes":""},"class_list":["post-899","page","type-page","status-publish","hentry"],"yoast_head":"<!-- This site is optimized with the Yoast SEO plugin v27.5 - https:\/\/yoast.com\/product\/yoast-seo-wordpress\/ -->\n<title>Bankette \/ Hochzeiten \/ Meetings - Romantik Hotel Castello Seeschloss<\/title>\n<meta name=\"robots\" content=\"index, follow, max-snippet:-1, max-image-preview:large, max-video-preview:-1\" \/>\n<link rel=\"canonical\" href=\"https:\/\/www.castello-seeschloss.ch\/de\/bankette-hochzeiten-meetings\/\" \/>\n<meta property=\"og:locale\" content=\"de_DE\" \/>\n<meta property=\"og:type\" content=\"article\" \/>\n<meta property=\"og:title\" content=\"Bankette \/ Hochzeiten \/ Meetings - Romantik Hotel Castello Seeschloss\" \/>\n<meta property=\"og:url\" content=\"https:\/\/www.castello-seeschloss.ch\/de\/bankette-hochzeiten-meetings\/\" \/>\n<meta property=\"og:site_name\" content=\"Romantik Hotel Castello Seeschloss\" \/>\n<meta property=\"article:modified_time\" content=\"2024-03-28T20:18:16+00:00\" \/>\n<meta name=\"twitter:card\" content=\"summary_large_image\" \/>\n<meta name=\"twitter:label1\" content=\"Gesch\u00e4tzte Lesezeit\" \/>\n\t<meta name=\"twitter:data1\" content=\"2\u00a0Minuten\" \/>\n<script type=\"application\/ld+json\" class=\"yoast-schema-graph\">{\"@context\":\"https:\\\/\\\/schema.org\",\"@graph\":[{\"@type\":\"WebPage\",\"@id\":\"https:\\\/\\\/www.castello-seeschloss.ch\\\/de\\\/bankette-hochzeiten-meetings\\\/\",\"url\":\"https:\\\/\\\/www.castello-seeschloss.ch\\\/de\\\/bankette-hochzeiten-meetings\\\/\",\"name\":\"Bankette \\\/ Hochzeiten \\\/ Meetings - Romantik Hotel Castello Seeschloss\",\"isPartOf\":{\"@id\":\"https:\\\/\\\/www.castello-seeschloss.ch\\\/#website\"},\"datePublished\":\"2017-01-24T09:50:46+00:00\",\"dateModified\":\"2024-03-28T20:18:16+00:00\",\"breadcrumb\":{\"@id\":\"https:\\\/\\\/www.castello-seeschloss.ch\\\/de\\\/bankette-hochzeiten-meetings\\\/#breadcrumb\"},\"inLanguage\":\"de\",\"potentialAction\":[{\"@type\":\"ReadAction\",\"target\":[\"https:\\\/\\\/www.castello-seeschloss.ch\\\/de\\\/bankette-hochzeiten-meetings\\\/\"]}]},{\"@type\":\"BreadcrumbList\",\"@id\":\"https:\\\/\\\/www.castello-seeschloss.ch\\\/de\\\/bankette-hochzeiten-meetings\\\/#breadcrumb\",\"itemListElement\":[{\"@type\":\"ListItem\",\"position\":1,\"name\":\"Startseite\",\"item\":\"https:\\\/\\\/www.castello-seeschloss.ch\\\/de\\\/romantik-hotel-in-ascona-am-lago-maggiore-castello-seeschloss\\\/\"},{\"@type\":\"ListItem\",\"position\":2,\"name\":\"Bankette \\\/ Hochzeiten \\\/ Meetings\"}]},{\"@type\":\"WebSite\",\"@id\":\"https:\\\/\\\/www.castello-seeschloss.ch\\\/#website\",\"url\":\"https:\\\/\\\/www.castello-seeschloss.ch\\\/\",\"name\":\"Romantik Hotel Castello Seeschloss\",\"description\":\"Ascona Tessin\",\"potentialAction\":[{\"@type\":\"SearchAction\",\"target\":{\"@type\":\"EntryPoint\",\"urlTemplate\":\"https:\\\/\\\/www.castello-seeschloss.ch\\\/?s={search_term_string}\"},\"query-input\":{\"@type\":\"PropertyValueSpecification\",\"valueRequired\":true,\"valueName\":\"search_term_string\"}}],\"inLanguage\":\"de\"}]}<\/script>\n<!-- \/ Yoast SEO plugin. -->","yoast_head_json":{"title":"Bankette \/ Hochzeiten \/ Meetings - Romantik Hotel Castello Seeschloss","robots":{"index":"index","follow":"follow","max-snippet":"max-snippet:-1","max-image-preview":"max-image-preview:large","max-video-preview":"max-video-preview:-1"},"canonical":"https:\/\/www.castello-seeschloss.ch\/de\/bankette-hochzeiten-meetings\/","og_locale":"de_DE","og_type":"article","og_title":"Bankette \/ Hochzeiten \/ Meetings - Romantik Hotel Castello Seeschloss","og_url":"https:\/\/www.castello-seeschloss.ch\/de\/bankette-hochzeiten-meetings\/","og_site_name":"Romantik Hotel Castello Seeschloss","article_modified_time":"2024-03-28T20:18:16+00:00","twitter_card":"summary_large_image","twitter_misc":{"Gesch\u00e4tzte Lesezeit":"2\u00a0Minuten"},"schema":{"@context":"https:\/\/schema.org","@graph":[{"@type":"WebPage","@id":"https:\/\/www.castello-seeschloss.ch\/de\/bankette-hochzeiten-meetings\/","url":"https:\/\/www.castello-seeschloss.ch\/de\/bankette-hochzeiten-meetings\/","name":"Bankette \/ Hochzeiten \/ Meetings - Romantik Hotel Castello Seeschloss","isPartOf":{"@id":"https:\/\/www.castello-seeschloss.ch\/#website"},"datePublished":"2017-01-24T09:50:46+00:00","dateModified":"2024-03-28T20:18:16+00:00","breadcrumb":{"@id":"https:\/\/www.castello-seeschloss.ch\/de\/bankette-hochzeiten-meetings\/#breadcrumb"},"inLanguage":"de","potentialAction":[{"@type":"ReadAction","target":["https:\/\/www.castello-seeschloss.ch\/de\/bankette-hochzeiten-meetings\/"]}]},{"@type":"BreadcrumbList","@id":"https:\/\/www.castello-seeschloss.ch\/de\/bankette-hochzeiten-meetings\/#breadcrumb","itemListElement":[{"@type":"ListItem","position":1,"name":"Startseite","item":"https:\/\/www.castello-seeschloss.ch\/de\/romantik-hotel-in-ascona-am-lago-maggiore-castello-seeschloss\/"},{"@type":"ListItem","position":2,"name":"Bankette \/ Hochzeiten \/ Meetings"}]},{"@type":"WebSite","@id":"https:\/\/www.castello-seeschloss.ch\/#website","url":"https:\/\/www.castello-seeschloss.ch\/","name":"Romantik Hotel Castello Seeschloss","description":"Ascona Tessin","potentialAction":[{"@type":"SearchAction","target":{"@type":"EntryPoint","urlTemplate":"https:\/\/www.castello-seeschloss.ch\/?s={search_term_string}"},"query-input":{"@type":"PropertyValueSpecification","valueRequired":true,"valueName":"search_term_string"}}],"inLanguage":"de"}]}},"publishpress_future_workflow_manual_trigger":{"enabledWorkflows":[]},"_links":{"self":[{"href":"https:\/\/www.castello-seeschloss.ch\/de\/wp-json\/wp\/v2\/pages\/899","targetHints":{"allow":["GET"]}}],"collection":[{"href":"https:\/\/www.castello-seeschloss.ch\/de\/wp-json\/wp\/v2\/pages"}],"about":[{"href":"https:\/\/www.castello-seeschloss.ch\/de\/wp-json\/wp\/v2\/types\/page"}],"author":[{"embeddable":true,"href":"https:\/\/www.castello-seeschloss.ch\/de\/wp-json\/wp\/v2\/users\/1"}],"replies":[{"embeddable":true,"href":"https:\/\/www.castello-seeschloss.ch\/de\/wp-json\/wp\/v2\/comments?post=899"}],"version-history":[{"count":0,"href":"https:\/\/www.castello-seeschloss.ch\/de\/wp-json\/wp\/v2\/pages\/899\/revisions"}],"wp:attachment":[{"href":"https:\/\/www.castello-seeschloss.ch\/de\/wp-json\/wp\/v2\/media?parent=899"}],"curies":[{"name":"wp","href":"https:\/\/api.w.org\/{rel}","templated":true}]}}