{"id":1139,"date":"2017-01-24T15:47:38","date_gmt":"2017-01-24T14:47:38","guid":{"rendered":"https:\/\/www.castello-seeschloss.ch\/?page_id=1139\/"},"modified":"2024-03-29T08:59:20","modified_gmt":"2024-03-29T07:59:20","slug":"impressum","status":"publish","type":"page","link":"https:\/\/www.castello-seeschloss.ch\/en\/impressum\/","title":{"rendered":"Imprint"},"content":{"rendered":"\n<style type=\"text\/css\" data-created_by=\"avia_inline_auto\" id=\"style-css-av-1b06zj-b10b742489a4b73d959a777bb1930a36\">\n.avia-section.av-1b06zj-b10b742489a4b73d959a777bb1930a36{\nbackground-repeat:no-repeat;\nbackground-image:url(https:\/\/www.castello-seeschloss.ch\/wp-content\/uploads\/2015\/07\/Slider_Large_CastelloFront_600.jpg);\nbackground-position:50% 100%;\nbackground-attachment:scroll;\n}\n<\/style>\n<div id='av_section_1'  class='avia-section av-1b06zj-b10b742489a4b73d959a777bb1930a36 main_color avia-section-default avia-no-shadow  avia-builder-el-0  el_before_av_heading  avia-builder-el-first  avia-full-stretch avia-bg-style-scroll av-minimum-height av-minimum-height-50 av-height-50  container_wrap fullsize'  data-section-bg-repeat='stretch' data-av_minimum_height_pc='50' data-av_min_height_opt='50'><div class='container av-section-cont-open' ><main  role=\"main\" itemprop=\"mainContentOfPage\"  class='template-page content  av-content-full alpha units'><div class='post-entry post-entry-type-page post-entry-1139'><div class='entry-content-wrapper clearfix'><\/div><\/div><\/main><!-- close content main element --><\/div><\/div><div id='after_section_1'  class='main_color av_default_container_wrap container_wrap fullsize'  ><div class='container av-section-cont-open' ><div class='template-page content  av-content-full alpha units'><div class='post-entry post-entry-type-page post-entry-1139'><div class='entry-content-wrapper clearfix'>\n\n<style type=\"text\/css\" data-created_by=\"avia_inline_auto\" id=\"style-css-av-7joyz3-f3b08dca9af8a48cc137004e0087f9cf\">\n#top .av-special-heading.av-7joyz3-f3b08dca9af8a48cc137004e0087f9cf{\npadding-bottom:20px;\nfont-size:40px;\n}\nbody .av-special-heading.av-7joyz3-f3b08dca9af8a48cc137004e0087f9cf .av-special-heading-tag .heading-char{\nfont-size:25px;\n}\n#top #wrap_all .av-special-heading.av-7joyz3-f3b08dca9af8a48cc137004e0087f9cf .av-special-heading-tag{\nfont-size:40px;\n}\n.av-special-heading.av-7joyz3-f3b08dca9af8a48cc137004e0087f9cf .av-subheading{\nfont-size:15px;\n}\n\n@media only screen and (min-width: 480px) and (max-width: 767px){ \n#top #wrap_all .av-special-heading.av-7joyz3-f3b08dca9af8a48cc137004e0087f9cf .av-special-heading-tag{\nfont-size:0.8em;\n}\n}\n\n@media only screen and (max-width: 479px){ \n#top #wrap_all .av-special-heading.av-7joyz3-f3b08dca9af8a48cc137004e0087f9cf .av-special-heading-tag{\nfont-size:0.8em;\n}\n}\n<\/style>\n<div  class='av-special-heading av-7joyz3-f3b08dca9af8a48cc137004e0087f9cf av-special-heading-h1 blockquote modern-quote modern-centered  avia-builder-el-1  el_after_av_section  el_before_av_section  avia-builder-el-no-sibling  av-inherit-size'><h1 class='av-special-heading-tag '  itemprop=\"headline\"  >Imprint<\/h1><div class=\"special-heading-border\"><div class=\"special-heading-inner-border\"><\/div><\/div><\/div>\n<\/div><\/div><\/div><!-- close content main div --><\/div><\/div>\n<style type=\"text\/css\" data-created_by=\"avia_inline_auto\" id=\"style-css-av-kcm8f-392e7bef37197e404821b983b7cbf851\">\n.avia-section.av-kcm8f-392e7bef37197e404821b983b7cbf851{\nmargin-top:0px;\nmargin-bottom:130px;\n}\n<\/style>\n<div id='av_section_2'  class='avia-section av-kcm8f-392e7bef37197e404821b983b7cbf851 main_color avia-section-no-padding avia-no-border-styling  avia-builder-el-2  el_after_av_heading  avia-builder-el-last  avia-bg-style-scroll container_wrap fullsize'  ><div class='container av-section-cont-open' ><div class='template-page content  av-content-full alpha units'><div class='post-entry post-entry-type-page post-entry-1139'><div class='entry-content-wrapper clearfix'>\n\n<style type=\"text\/css\" data-created_by=\"avia_inline_auto\" id=\"style-css-av-4lbgbj-15959e470a7b414269c1654b697f2deb\">\n.flex_column.av-4lbgbj-15959e470a7b414269c1654b697f2deb{\nborder-radius:0px 0px 0px 0px;\npadding:0px 0px 0px 0px;\n}\n<\/style>\n<div  class='flex_column av-4lbgbj-15959e470a7b414269c1654b697f2deb av_one_full  avia-builder-el-3  avia-builder-el-no-sibling  first flex_column_div av-zero-column-padding  '     ><section  class='av_textblock_section av-2zv4fz-28ea8bc4df9f7ba2b64508fd8ba64db5 '   itemscope=\"itemscope\" itemtype=\"https:\/\/schema.org\/CreativeWork\" ><div class='avia_textblock'  itemprop=\"text\" ><p><strong>Kontaktadresse:<\/strong><br \/>\nRis &#038; Co.<br \/>\nRomantik Hotel Castello Seeschloss<br \/>\nVia Circonvallazione 26<br \/>\n6612 Ascona<br \/>\n<strong>Vertretungsberechtigte Personen:<\/strong><br \/>\nSandra Heiserer, Filippo Ris,<\/p>\n<p><strong>Handelsregistereintrag:<\/strong><br \/>\nKollektivgesellschaft<br \/>\nNummer CH-509.2.001.920-9<br \/>\nHandelsregisteramt: Ticino<\/p>\n<p><strong>Mehrwertsteuernummer:<\/strong><br \/>\nCHE-110.467.216<\/p>\n<p><strong>Streitschlichtung<\/strong><br \/>\nDie Europ\u00e4ische Kommission stellt eine Plattform zur Online- Streitbeilegung (OS) bereit:\u00a0<a href=\"https:\/\/ec.europa.eu\/consumers\/odr\" target=\"_blank\" rel=\"noopener noreferrer\">https:\/\/ec.europa.eu\/consumers\/odr<\/a><br \/>\nUnsere E-Mail-Adresse finden Sie oben im Impressum.<br \/>\nWir sind nicht bereit oder verpflichtet, an Streitbeilegungsverfahren vor einer Verbraucherschlichtungsstelle teilzunehmen.<\/p>\n<p><strong>Haftung f\u00fcr Inhalte<\/strong><br \/>\nAls Diensteanbieter sind wir gem\u00e4\u00df \u00a7 7 Abs.1 TMG f\u00fcr eigene Inhalte auf diesen Seiten nach den allgemeinen Gesetzen verantwortlich. Nach \u00a7\u00a7 8 bis 10 TMG sind wir als Diensteanbieter jedoch nicht verpflichtet, \u00fcbermittelte oder gespeicherte fremde Informationen zu \u00fcberwachen oder nach Umst\u00e4nden zu forschen, die auf eine rechtswidrige T\u00e4tigkeit hinweisen.<br \/>\nVerpflichtungen zur Entfernung oder Sperrung der Nutzung von Informationen nach den allgemeinen Gesetzen bleiben hiervon unber\u00fchrt. Eine diesbez\u00fcgliche Haftung ist jedoch erst ab dem Zeitpunkt der Kenntnis einer konkreten Rechtsverletzung m\u00f6glich. Bei Bekanntwerden von entsprechenden Rechtsverletzungen werden wir diese Inhalte umgehend entfernen.<\/p>\n<p><strong>Haftung f\u00fcr Links<\/strong><br \/>\nUnser Angebot enth\u00e4lt Links zu externen Websites Dritter, auf deren Inhalte wir keinen Einfluss haben. Deshalb k\u00f6nnen wir f\u00fcr diese fremden Inhalte auch keine Gew\u00e4hr \u00fcbernehmen. F\u00fcr die Inhalte der verlinkten Seiten ist stets der jeweilige Anbieter oder Betreiber der Seiten verantwortlich. Die verlinkten Seiten wurden zum Zeitpunkt der Verlinkung auf m\u00f6gliche Rechtsverst\u00f6\u00dfe \u00fcberpr\u00fcft. Rechtswidrige Inhalte waren zum Zeitpunkt der Verlinkung nicht erkennbar.<br \/>\nEine permanente inhaltliche Kontrolle der verlinkten Seiten ist jedoch ohne konkrete Anhaltspunkte einer Rechtsverletzung nicht zumutbar. Bei Bekanntwerden von Rechtsverletzungen werden wir derartige Links umgehend entfernen.<\/p>\n<p><strong>Urheberrecht<\/strong><br \/>\nDie durch die Seitenbetreiber erstellten Inhalte und Werke auf diesen Seiten unterliegen dem deutschen Urheberrecht. Die Vervielf\u00e4ltigung, Bearbeitung, Verbreitung und jede Art der Verwertung au\u00dferhalb der Grenzen des Urheberrechtes bed\u00fcrfen der schriftlichen Zustimmung des jeweiligen Autors bzw. Erstellers. Downloads und Kopien dieser Seite sind nur f\u00fcr den privaten, nicht kommerziellen Gebrauch gestattet.<br \/>\nSoweit die Inhalte auf dieser Seite nicht vom Betreiber erstellt wurden, werden die Urheberrechte Dritter beachtet. Insbesondere werden Inhalte Dritter als solche gekennzeichnet. Sollten Sie trotzdem auf eine Urheberrechtsverletzung aufmerksam werden, bitten wir um einen entsprechenden Hinweis. Bei Bekanntwerden von Rechtsverletzungen werden wir derartige Inhalte umgehend entfernen.<\/p>\n<\/div><\/section><\/div>\n\n","protected":false},"excerpt":{"rendered":"","protected":false},"author":1,"featured_media":0,"parent":0,"menu_order":0,"comment_status":"closed","ping_status":"closed","template":"","meta":{"footnotes":""},"class_list":["post-1139","page","type-page","status-publish","hentry"],"yoast_head":"<!-- This site is optimized with the Yoast SEO plugin v27.2 - https:\/\/yoast.com\/product\/yoast-seo-wordpress\/ -->\n<title>Imprint - Romantik Hotel Castello Seeschloss<\/title>\n<meta name=\"robots\" content=\"index, follow, max-snippet:-1, max-image-preview:large, max-video-preview:-1\" \/>\n<link rel=\"canonical\" href=\"https:\/\/www.castello-seeschloss.ch\/en\/impressum\/\" \/>\n<meta property=\"og:locale\" content=\"en_US\" \/>\n<meta property=\"og:type\" content=\"article\" \/>\n<meta property=\"og:title\" content=\"Imprint - Romantik Hotel Castello Seeschloss\" \/>\n<meta property=\"og:url\" content=\"https:\/\/www.castello-seeschloss.ch\/en\/impressum\/\" \/>\n<meta property=\"og:site_name\" content=\"Romantik Hotel Castello Seeschloss\" \/>\n<meta property=\"article:modified_time\" content=\"2024-03-29T07:59:20+00:00\" \/>\n<meta name=\"twitter:card\" content=\"summary_large_image\" \/>\n<meta name=\"twitter:label1\" content=\"Est. reading time\" \/>\n\t<meta name=\"twitter:data1\" content=\"2 minutes\" \/>\n<script type=\"application\/ld+json\" class=\"yoast-schema-graph\">{\"@context\":\"https:\/\/schema.org\",\"@graph\":[{\"@type\":\"WebPage\",\"@id\":\"https:\/\/www.castello-seeschloss.ch\/en\/impressum\/\",\"url\":\"https:\/\/www.castello-seeschloss.ch\/en\/impressum\/\",\"name\":\"Imprint - Romantik Hotel Castello Seeschloss\",\"isPartOf\":{\"@id\":\"https:\/\/www.castello-seeschloss.ch\/#website\"},\"datePublished\":\"2017-01-24T14:47:38+00:00\",\"dateModified\":\"2024-03-29T07:59:20+00:00\",\"breadcrumb\":{\"@id\":\"https:\/\/www.castello-seeschloss.ch\/en\/impressum\/#breadcrumb\"},\"inLanguage\":\"en-US\",\"potentialAction\":[{\"@type\":\"ReadAction\",\"target\":[\"https:\/\/www.castello-seeschloss.ch\/en\/impressum\/\"]}]},{\"@type\":\"BreadcrumbList\",\"@id\":\"https:\/\/www.castello-seeschloss.ch\/en\/impressum\/#breadcrumb\",\"itemListElement\":[{\"@type\":\"ListItem\",\"position\":1,\"name\":\"Startseite\",\"item\":\"https:\/\/www.castello-seeschloss.ch\/en\/\"},{\"@type\":\"ListItem\",\"position\":2,\"name\":\"Imprint\"}]},{\"@type\":\"WebSite\",\"@id\":\"https:\/\/www.castello-seeschloss.ch\/#website\",\"url\":\"https:\/\/www.castello-seeschloss.ch\/\",\"name\":\"Romantik Hotel Castello Seeschloss\",\"description\":\"Ascona Tessin\",\"potentialAction\":[{\"@type\":\"SearchAction\",\"target\":{\"@type\":\"EntryPoint\",\"urlTemplate\":\"https:\/\/www.castello-seeschloss.ch\/?s={search_term_string}\"},\"query-input\":{\"@type\":\"PropertyValueSpecification\",\"valueRequired\":true,\"valueName\":\"search_term_string\"}}],\"inLanguage\":\"en-US\"}]}<\/script>\n<!-- \/ Yoast SEO plugin. -->","yoast_head_json":{"title":"Imprint - Romantik Hotel Castello Seeschloss","robots":{"index":"index","follow":"follow","max-snippet":"max-snippet:-1","max-image-preview":"max-image-preview:large","max-video-preview":"max-video-preview:-1"},"canonical":"https:\/\/www.castello-seeschloss.ch\/en\/impressum\/","og_locale":"en_US","og_type":"article","og_title":"Imprint - Romantik Hotel Castello Seeschloss","og_url":"https:\/\/www.castello-seeschloss.ch\/en\/impressum\/","og_site_name":"Romantik Hotel Castello Seeschloss","article_modified_time":"2024-03-29T07:59:20+00:00","twitter_card":"summary_large_image","twitter_misc":{"Est. reading time":"2 minutes"},"schema":{"@context":"https:\/\/schema.org","@graph":[{"@type":"WebPage","@id":"https:\/\/www.castello-seeschloss.ch\/en\/impressum\/","url":"https:\/\/www.castello-seeschloss.ch\/en\/impressum\/","name":"Imprint - Romantik Hotel Castello Seeschloss","isPartOf":{"@id":"https:\/\/www.castello-seeschloss.ch\/#website"},"datePublished":"2017-01-24T14:47:38+00:00","dateModified":"2024-03-29T07:59:20+00:00","breadcrumb":{"@id":"https:\/\/www.castello-seeschloss.ch\/en\/impressum\/#breadcrumb"},"inLanguage":"en-US","potentialAction":[{"@type":"ReadAction","target":["https:\/\/www.castello-seeschloss.ch\/en\/impressum\/"]}]},{"@type":"BreadcrumbList","@id":"https:\/\/www.castello-seeschloss.ch\/en\/impressum\/#breadcrumb","itemListElement":[{"@type":"ListItem","position":1,"name":"Startseite","item":"https:\/\/www.castello-seeschloss.ch\/en\/"},{"@type":"ListItem","position":2,"name":"Imprint"}]},{"@type":"WebSite","@id":"https:\/\/www.castello-seeschloss.ch\/#website","url":"https:\/\/www.castello-seeschloss.ch\/","name":"Romantik Hotel Castello Seeschloss","description":"Ascona Tessin","potentialAction":[{"@type":"SearchAction","target":{"@type":"EntryPoint","urlTemplate":"https:\/\/www.castello-seeschloss.ch\/?s={search_term_string}"},"query-input":{"@type":"PropertyValueSpecification","valueRequired":true,"valueName":"search_term_string"}}],"inLanguage":"en-US"}]}},"publishpress_future_workflow_manual_trigger":{"enabledWorkflows":[]},"_links":{"self":[{"href":"https:\/\/www.castello-seeschloss.ch\/en\/wp-json\/wp\/v2\/pages\/1139","targetHints":{"allow":["GET"]}}],"collection":[{"href":"https:\/\/www.castello-seeschloss.ch\/en\/wp-json\/wp\/v2\/pages"}],"about":[{"href":"https:\/\/www.castello-seeschloss.ch\/en\/wp-json\/wp\/v2\/types\/page"}],"author":[{"embeddable":true,"href":"https:\/\/www.castello-seeschloss.ch\/en\/wp-json\/wp\/v2\/users\/1"}],"replies":[{"embeddable":true,"href":"https:\/\/www.castello-seeschloss.ch\/en\/wp-json\/wp\/v2\/comments?post=1139"}],"version-history":[{"count":0,"href":"https:\/\/www.castello-seeschloss.ch\/en\/wp-json\/wp\/v2\/pages\/1139\/revisions"}],"wp:attachment":[{"href":"https:\/\/www.castello-seeschloss.ch\/en\/wp-json\/wp\/v2\/media?parent=1139"}],"curies":[{"name":"wp","href":"https:\/\/api.w.org\/{rel}","templated":true}]}}