{"id":1507,"date":"2017-03-01T17:06:16","date_gmt":"2017-03-01T16:06:16","guid":{"rendered":"https:\/\/www.castello-seeschloss.ch\/?page_id=1507\/"},"modified":"2025-11-14T14:05:57","modified_gmt":"2025-11-14T13:05:57","slug":"chambres","status":"publish","type":"page","link":"https:\/\/www.castello-seeschloss.ch\/fr\/chambres\/","title":{"rendered":"Chambres &#038; Prix"},"content":{"rendered":"\n<style type=\"text\/css\" data-created_by=\"avia_inline_auto\" id=\"style-css-av-deccwj-e41c3271c3e040ae90f873a747c9f688\">\n.avia-section.av-deccwj-e41c3271c3e040ae90f873a747c9f688{\nbackground-repeat:no-repeat;\nbackground-image:url(https:\/\/www.castello-seeschloss.ch\/wp-content\/uploads\/2015\/07\/Slider_Large_CastelloFront_600-1030x412.jpg);\nbackground-position:50% 100%;\nbackground-attachment:scroll;\n}\n<\/style>\n<div id='av_section_1'  class='avia-section av-deccwj-e41c3271c3e040ae90f873a747c9f688 main_color avia-section-default avia-no-shadow  avia-builder-el-0  el_before_av_heading  avia-builder-el-first  avia-full-stretch avia-bg-style-scroll av-minimum-height av-minimum-height-50 av-height-50  container_wrap fullsize'  data-section-bg-repeat='stretch' data-av_minimum_height_pc='50' data-av_min_height_opt='50'><div class='container av-section-cont-open' ><main  role=\"main\" itemprop=\"mainContentOfPage\"  class='template-page content  av-content-full alpha units'><div class='post-entry post-entry-type-page post-entry-1507'><div class='entry-content-wrapper clearfix'><\/div><\/div><\/main><!-- close content main element --><\/div><\/div><div id='after_section_1'  class='main_color av_default_container_wrap container_wrap fullsize'  ><div class='container av-section-cont-open' ><div class='template-page content  av-content-full alpha units'><div class='post-entry post-entry-type-page post-entry-1507'><div class='entry-content-wrapper clearfix'>\n\n<style type=\"text\/css\" data-created_by=\"avia_inline_auto\" id=\"style-css-av-9qaucz-c93311e2b6c517203312fae5331f8e38\">\n#top .av-special-heading.av-9qaucz-c93311e2b6c517203312fae5331f8e38{\npadding-bottom:20px;\nfont-size:40px;\n}\nbody .av-special-heading.av-9qaucz-c93311e2b6c517203312fae5331f8e38 .av-special-heading-tag .heading-char{\nfont-size:25px;\n}\n#top #wrap_all .av-special-heading.av-9qaucz-c93311e2b6c517203312fae5331f8e38 .av-special-heading-tag{\nfont-size:40px;\n}\n.av-special-heading.av-9qaucz-c93311e2b6c517203312fae5331f8e38 .av-subheading{\nfont-size:15px;\n}\n\n@media only screen and (min-width: 480px) and (max-width: 767px){ \n#top #wrap_all .av-special-heading.av-9qaucz-c93311e2b6c517203312fae5331f8e38 .av-special-heading-tag{\nfont-size:0.8em;\n}\n}\n\n@media only screen and (max-width: 479px){ \n#top #wrap_all .av-special-heading.av-9qaucz-c93311e2b6c517203312fae5331f8e38 .av-special-heading-tag{\nfont-size:0.8em;\n}\n}\n<\/style>\n<div  class='av-special-heading av-9qaucz-c93311e2b6c517203312fae5331f8e38 av-special-heading-h1 blockquote modern-quote modern-centered  avia-builder-el-1  el_after_av_section  el_before_av_section  avia-builder-el-no-sibling  av-inherit-size'><h1 class='av-special-heading-tag '  itemprop=\"headline\"  >Chambres <span class='special_amp'>&amp;<\/span> Prix<\/h1><div class=\"special-heading-border\"><div class=\"special-heading-inner-border\"><\/div><\/div><\/div>\n<\/div><\/div><\/div><!-- close content main div --><\/div><\/div><div id='av_section_2'  class='avia-section av-1agwxf-2445399ec4855bd920f09ce8d9b804ba main_color avia-section-huge avia-no-border-styling  avia-builder-el-2  el_after_av_heading  el_before_av_codeblock  avia-bg-style-scroll container_wrap fullsize'  ><div class='container av-section-cont-open' ><div class='template-page content  av-content-full alpha units'><div class='post-entry post-entry-type-page post-entry-1507'><div class='entry-content-wrapper clearfix'>\n\n<style type=\"text\/css\" data-created_by=\"avia_inline_auto\" id=\"style-css-av-biog03-0dda04c5edcbcffefef743e3705013b2\">\n#top .flex_column.av-biog03-0dda04c5edcbcffefef743e3705013b2{\nmargin-top:-200px;\nmargin-bottom:0px;\n}\n.flex_column.av-biog03-0dda04c5edcbcffefef743e3705013b2{\nborder-radius:0px 0px 0px 0px;\npadding:30px 30px 30px 30px;\nbackground-color:#ffffff;\n}\n.responsive #top #wrap_all .flex_column.av-biog03-0dda04c5edcbcffefef743e3705013b2{\nmargin-top:-200px;\nmargin-bottom:0px;\n}\n<\/style>\n<div  class='flex_column av-biog03-0dda04c5edcbcffefef743e3705013b2 av_one_full  avia-builder-el-3  el_before_av_one_full  avia-builder-el-first  first flex_column_div  '     ><section  class='av_textblock_section av-lo9tvyx5-d77b40e0368096934f3f66edffc4bb31 '   itemscope=\"itemscope\" itemtype=\"https:\/\/schema.org\/CreativeWork\" ><div class='avia_textblock'  itemprop=\"text\" ><h3 style=\"text-align: center;\">Vous trouverez nos prix actuels en cliquant sur le bouton <a id=\"cc-booking-button\" href=\"https:\/\/ibe.romantikhotels.com\/channels\/romantikhotel-castello-seeschloss\/?culture=fr-FR#start\" class=\"avia-button avia-icon_select-yes-right-icon avia-size-x-large avia-position-center avia-color-theme-color\" target=\"_blank\" rel=\"noopener noreferrer\"><span class=\"avia_iconbox_title\">R\u00e9server<\/span><span class=\"avia_button_icon avia_button_icon_right\" aria-hidden=\"true\" data-av_icon=\"\ue832\" data-av_iconfont=\"entypo-fontello\"><\/span><\/a><\/h3>\n<p style=\"text-align: center;\">Saisir les dates de s\u00e9jour souhait\u00e9es et consulter le prix du jour.<\/p>\n<h3 style=\"text-align: center;\"><strong>Offre 2026<\/strong><\/h3>\n<p style=\"text-align: center;\"><strong>The more you stay, the less you pay! *<\/strong><\/p>\n<\/div><\/section><br \/>\n<div  class='avia-table av-h7nzkz-6520dfda88687de15a75c9aa98cd75e1 main_color avia-pricing-table-container avia_pricing_default  avia-builder-el-5  el_after_av_textblock  el_before_av_textblock  avia-table-1'  itemscope=\"itemscope\" itemtype=\"https:\/\/schema.org\/Table\" ><div class=\"pricing-table-wrap\"><ul class='pricing-table '><li class=''><div class='first-table-item'>10 % de rabais auf den Tages Preis<\/div><span class='pricing-extra'><\/span><\/li><li class=''>15 % de r\u00e9duction sur le prix du jour<\/li><\/ul><\/div><div class=\"pricing-table-wrap\"><ul class='pricing-table '><li class=''><div class='first-table-item'>S\u00e9jours de 4 \u00e0 6 nuits<\/div><span class='pricing-extra'><\/span><\/li><li class=''>S\u00e9jours de 7 nuits<\/li><\/ul><\/div><\/div><br \/>\n<section  class='av_textblock_section av-lo9tze18-cf63a09600ad5ecba5d906a8bd8ad9d8 '   itemscope=\"itemscope\" itemtype=\"https:\/\/schema.org\/CreativeWork\" ><div class='avia_textblock'  itemprop=\"text\" ><p><strong>* The more you stay, the less you pay<\/strong> peut \u00eatre r\u00e9serv\u00e9e sous r\u00e9serve de disponibilit\u00e9 \/ upon availability, les p\u00e9riodes de forte demande sont exclues. Cette offre ne peut pas \u00eatre combin\u00e9e avec d&rsquo;autres offres sp\u00e9ciales &#038; prix sp\u00e9ciaux.<\/p>\n<\/div><\/section><\/p><\/div>\n<style type=\"text\/css\" data-created_by=\"avia_inline_auto\" id=\"style-css-av-4qwq2r-3c852bea03758339673c32600c91d83c\">\n.flex_column.av-4qwq2r-3c852bea03758339673c32600c91d83c{\nborder-radius:0px 0px 0px 0px;\npadding:0px 0px 0px 0px;\n}\n<\/style>\n<div  class='flex_column av-4qwq2r-3c852bea03758339673c32600c91d83c av_one_full  avia-builder-el-7  el_after_av_one_full  avia-builder-el-last  first flex_column_div av-zero-column-padding  column-top-margin'     ><section  class='av_textblock_section av-1wkb6r-884a057cdfd6031a3807d686050b51f1 '   itemscope=\"itemscope\" itemtype=\"https:\/\/schema.org\/CreativeWork\" ><div class='avia_textblock'  itemprop=\"text\" ><div>\n<p>Les 45 chambres confortables et d\u00e9cor\u00e9es individuellement sont classifi\u00e9es en quatre cat\u00e9gories:<\/p>\n<ul>\n<li><a href=\"https:\/\/www.castello-seeschloss.ch\/fr\/portfolio-item\/chambres-type-standard\/\">Type standard<\/a> (18mq \u00e0 23mq)<\/li>\n<li><a href=\"https:\/\/www.castello-seeschloss.ch\/fr\/portfolio-item\/chambres-type-superior-etou-chateau\/\">Type sup\u00e9rieure et ch\u00e2teau<\/a> (25mq \u00e0 28mq)<\/li>\n<li><a href=\"https:\/\/www.castello-seeschloss.ch\/fr\/portfolio-item\/turm-zimmer\/\">Tour m\u00e9di\u00e9vale et junior suite dans la tour face \u00e0 la piscine<\/a> (28mq \u00e0 44mq)<\/li>\n<li><a href=\"https:\/\/www.castello-seeschloss.ch\/fr\/portfolio-item\/easy\/\">Cat\u00e9gorie \u00ab\u00a0Easy\u00a0\u00bb<\/a> (10qm bis 45qm) petites chambres individuelles ou petites chambres doubles avec grand lit (1.40 cm) ou grandes chambres doubles (au sous-sol)<\/li>\n<\/ul>\n<p>Toutes les chambres ont bain\/WC ou douche\/WC, minibar, t\u00e9l\u00e9phone, radio\/TV et air-conditionn\u00e9e, la plupart des chambres dispose d&rsquo;un balcon ou d&rsquo;une terrasse.<\/p>\n<p>Le petit d\u00e9jeuner du buffet est servi chaque matin de 7:30 \u00e0 11:00 heures dans la Salle Castello ou, temps permettant, sur la terrasse du petit d\u00e9jeuner face au jardin.<\/p>\n<p>Le jour d&rsquo;arriv\u00e9e les chambres sont disponibles \u00e0 partir de 15:00 heures. Si vous planifiez d&rsquo;arriver plus t\u00f4t, vous pouvez d\u00e9poser les bagages \u00e0 la r\u00e9ception et\/ou garer la voiture sur notre parking.<\/p>\n<p>Le jour du d\u00e9part votre chambre doit \u00eatre lib\u00e9r\u00e9e jusqu&rsquo;\u00e0 midi. Si vous d\u00e9sirez passer l&rsquo;apr\u00e8s-midi \u00e0 Ascona, vous pouvez d\u00e9poser vos bagages et\/ou garer votre voiture sur notre parking jusqu&rsquo;\u00e0 votre d\u00e9part.<\/p>\n<\/div>\n<div><\/div>\n<\/div><\/section><\/div><\/div><\/div><\/div><!-- close content main div --><\/div><\/div><div id='after_section_2'  class='main_color av_default_container_wrap container_wrap fullsize'  ><div class='container av-section-cont-open' ><div class='template-page content  av-content-full alpha units'><div class='post-entry post-entry-type-page post-entry-1507'><div class='entry-content-wrapper clearfix'><\/p>\n","protected":false},"excerpt":{"rendered":"","protected":false},"author":1,"featured_media":0,"parent":0,"menu_order":0,"comment_status":"closed","ping_status":"closed","template":"","meta":{"footnotes":""},"class_list":["post-1507","page","type-page","status-publish","hentry"],"yoast_head":"<!-- This site is optimized with the Yoast SEO plugin v27.2 - https:\/\/yoast.com\/product\/yoast-seo-wordpress\/ -->\n<title>Chambres &amp; Prix - Romantik Hotel Castello Seeschloss<\/title>\n<meta name=\"robots\" content=\"index, follow, max-snippet:-1, max-image-preview:large, max-video-preview:-1\" \/>\n<link rel=\"canonical\" href=\"https:\/\/www.castello-seeschloss.ch\/fr\/chambres\/\" \/>\n<meta property=\"og:locale\" content=\"fr_FR\" \/>\n<meta property=\"og:type\" content=\"article\" \/>\n<meta property=\"og:title\" content=\"Chambres &amp; Prix - Romantik Hotel Castello Seeschloss\" \/>\n<meta property=\"og:url\" content=\"https:\/\/www.castello-seeschloss.ch\/fr\/chambres\/\" \/>\n<meta property=\"og:site_name\" content=\"Romantik Hotel Castello Seeschloss\" \/>\n<meta property=\"article:modified_time\" content=\"2025-11-14T13:05:57+00:00\" \/>\n<meta name=\"twitter:card\" content=\"summary_large_image\" \/>\n<meta name=\"twitter:label1\" content=\"Dur\u00e9e de lecture estim\u00e9e\" \/>\n\t<meta name=\"twitter:data1\" content=\"2 minutes\" \/>\n<script type=\"application\/ld+json\" class=\"yoast-schema-graph\">{\"@context\":\"https:\/\/schema.org\",\"@graph\":[{\"@type\":\"WebPage\",\"@id\":\"https:\/\/www.castello-seeschloss.ch\/fr\/chambres\/\",\"url\":\"https:\/\/www.castello-seeschloss.ch\/fr\/chambres\/\",\"name\":\"Chambres & Prix - Romantik Hotel Castello Seeschloss\",\"isPartOf\":{\"@id\":\"https:\/\/www.castello-seeschloss.ch\/#website\"},\"datePublished\":\"2017-03-01T16:06:16+00:00\",\"dateModified\":\"2025-11-14T13:05:57+00:00\",\"breadcrumb\":{\"@id\":\"https:\/\/www.castello-seeschloss.ch\/fr\/chambres\/#breadcrumb\"},\"inLanguage\":\"fr-FR\",\"potentialAction\":[{\"@type\":\"ReadAction\",\"target\":[\"https:\/\/www.castello-seeschloss.ch\/fr\/chambres\/\"]}]},{\"@type\":\"BreadcrumbList\",\"@id\":\"https:\/\/www.castello-seeschloss.ch\/fr\/chambres\/#breadcrumb\",\"itemListElement\":[{\"@type\":\"ListItem\",\"position\":1,\"name\":\"Startseite\",\"item\":\"https:\/\/www.castello-seeschloss.ch\/fr\/\"},{\"@type\":\"ListItem\",\"position\":2,\"name\":\"Chambres &#038; Prix\"}]},{\"@type\":\"WebSite\",\"@id\":\"https:\/\/www.castello-seeschloss.ch\/#website\",\"url\":\"https:\/\/www.castello-seeschloss.ch\/\",\"name\":\"Romantik Hotel Castello Seeschloss\",\"description\":\"Ascona Tessin\",\"potentialAction\":[{\"@type\":\"SearchAction\",\"target\":{\"@type\":\"EntryPoint\",\"urlTemplate\":\"https:\/\/www.castello-seeschloss.ch\/?s={search_term_string}\"},\"query-input\":{\"@type\":\"PropertyValueSpecification\",\"valueRequired\":true,\"valueName\":\"search_term_string\"}}],\"inLanguage\":\"fr-FR\"}]}<\/script>\n<!-- \/ Yoast SEO plugin. -->","yoast_head_json":{"title":"Chambres & Prix - Romantik Hotel Castello Seeschloss","robots":{"index":"index","follow":"follow","max-snippet":"max-snippet:-1","max-image-preview":"max-image-preview:large","max-video-preview":"max-video-preview:-1"},"canonical":"https:\/\/www.castello-seeschloss.ch\/fr\/chambres\/","og_locale":"fr_FR","og_type":"article","og_title":"Chambres & Prix - Romantik Hotel Castello Seeschloss","og_url":"https:\/\/www.castello-seeschloss.ch\/fr\/chambres\/","og_site_name":"Romantik Hotel Castello Seeschloss","article_modified_time":"2025-11-14T13:05:57+00:00","twitter_card":"summary_large_image","twitter_misc":{"Dur\u00e9e de lecture estim\u00e9e":"2 minutes"},"schema":{"@context":"https:\/\/schema.org","@graph":[{"@type":"WebPage","@id":"https:\/\/www.castello-seeschloss.ch\/fr\/chambres\/","url":"https:\/\/www.castello-seeschloss.ch\/fr\/chambres\/","name":"Chambres & Prix - Romantik Hotel Castello Seeschloss","isPartOf":{"@id":"https:\/\/www.castello-seeschloss.ch\/#website"},"datePublished":"2017-03-01T16:06:16+00:00","dateModified":"2025-11-14T13:05:57+00:00","breadcrumb":{"@id":"https:\/\/www.castello-seeschloss.ch\/fr\/chambres\/#breadcrumb"},"inLanguage":"fr-FR","potentialAction":[{"@type":"ReadAction","target":["https:\/\/www.castello-seeschloss.ch\/fr\/chambres\/"]}]},{"@type":"BreadcrumbList","@id":"https:\/\/www.castello-seeschloss.ch\/fr\/chambres\/#breadcrumb","itemListElement":[{"@type":"ListItem","position":1,"name":"Startseite","item":"https:\/\/www.castello-seeschloss.ch\/fr\/"},{"@type":"ListItem","position":2,"name":"Chambres &#038; Prix"}]},{"@type":"WebSite","@id":"https:\/\/www.castello-seeschloss.ch\/#website","url":"https:\/\/www.castello-seeschloss.ch\/","name":"Romantik Hotel Castello Seeschloss","description":"Ascona Tessin","potentialAction":[{"@type":"SearchAction","target":{"@type":"EntryPoint","urlTemplate":"https:\/\/www.castello-seeschloss.ch\/?s={search_term_string}"},"query-input":{"@type":"PropertyValueSpecification","valueRequired":true,"valueName":"search_term_string"}}],"inLanguage":"fr-FR"}]}},"publishpress_future_workflow_manual_trigger":{"enabledWorkflows":[]},"_links":{"self":[{"href":"https:\/\/www.castello-seeschloss.ch\/fr\/wp-json\/wp\/v2\/pages\/1507","targetHints":{"allow":["GET"]}}],"collection":[{"href":"https:\/\/www.castello-seeschloss.ch\/fr\/wp-json\/wp\/v2\/pages"}],"about":[{"href":"https:\/\/www.castello-seeschloss.ch\/fr\/wp-json\/wp\/v2\/types\/page"}],"author":[{"embeddable":true,"href":"https:\/\/www.castello-seeschloss.ch\/fr\/wp-json\/wp\/v2\/users\/1"}],"replies":[{"embeddable":true,"href":"https:\/\/www.castello-seeschloss.ch\/fr\/wp-json\/wp\/v2\/comments?post=1507"}],"version-history":[{"count":0,"href":"https:\/\/www.castello-seeschloss.ch\/fr\/wp-json\/wp\/v2\/pages\/1507\/revisions"}],"wp:attachment":[{"href":"https:\/\/www.castello-seeschloss.ch\/fr\/wp-json\/wp\/v2\/media?parent=1507"}],"curies":[{"name":"wp","href":"https:\/\/api.w.org\/{rel}","templated":true}]}}