{"id":2259,"date":"2017-04-30T18:19:16","date_gmt":"2017-04-30T16:19:16","guid":{"rendered":"https:\/\/www.castello-seeschloss.ch\/?page_id=2259\/"},"modified":"2024-03-28T22:22:54","modified_gmt":"2024-03-28T21:22:54","slug":"apero-zu-zweit-auf-dem-turm","status":"publish","type":"page","link":"https:\/\/www.castello-seeschloss.ch\/fr\/apero-zu-zweit-auf-dem-turm\/","title":{"rendered":"Ap\u00e9ro \u00e0 deux sur la tour"},"content":{"rendered":"<\/p>\n\n<style type=\"text\/css\" data-created_by=\"avia_inline_auto\" id=\"style-css-av-186pkdv-0e112802a41df4a98d2c7b167cbb0384\">\n.avia-section.av-186pkdv-0e112802a41df4a98d2c7b167cbb0384{\nbackground-repeat:no-repeat;\nbackground-image:url(https:\/\/www.castello-seeschloss.ch\/wp-content\/uploads\/2017\/01\/apero_zu2t_auf_dem_turm.jpg);\nbackground-position:50% 50%;\nbackground-attachment:scroll;\n}\n<\/style>\n<div id='av_section_1'  class='avia-section av-186pkdv-0e112802a41df4a98d2c7b167cbb0384 main_color avia-section-default avia-no-shadow  avia-builder-el-0  el_before_av_heading  avia-builder-el-first  avia-full-stretch avia-bg-style-scroll av-minimum-height av-minimum-height-50 av-height-50  container_wrap fullsize'  data-section-bg-repeat='stretch' data-av_minimum_height_pc='50' data-av_min_height_opt='50'><div class='container av-section-cont-open' ><main  role=\"main\" itemprop=\"mainContentOfPage\"  class='template-page content  av-content-full alpha units'><div class='post-entry post-entry-type-page post-entry-2259'><div class='entry-content-wrapper clearfix'><\/div><\/div><\/main><!-- close content main element --><\/div><\/div><div id='after_section_1'  class='main_color av_default_container_wrap container_wrap fullsize'  ><div class='container av-section-cont-open' ><div class='template-page content  av-content-full alpha units'><div class='post-entry post-entry-type-page post-entry-2259'><div class='entry-content-wrapper clearfix'>\n\n<style type=\"text\/css\" data-created_by=\"avia_inline_auto\" id=\"style-css-av-12biooj-3c3ef54a0f0699170c2941c822e62751\">\n#top .av-special-heading.av-12biooj-3c3ef54a0f0699170c2941c822e62751{\npadding-bottom:20px;\nfont-size:40px;\n}\nbody .av-special-heading.av-12biooj-3c3ef54a0f0699170c2941c822e62751 .av-special-heading-tag .heading-char{\nfont-size:25px;\n}\n#top #wrap_all .av-special-heading.av-12biooj-3c3ef54a0f0699170c2941c822e62751 .av-special-heading-tag{\nfont-size:40px;\n}\n.av-special-heading.av-12biooj-3c3ef54a0f0699170c2941c822e62751 .av-subheading{\nfont-size:15px;\n}\n\n@media only screen and (min-width: 480px) and (max-width: 767px){ \n#top #wrap_all .av-special-heading.av-12biooj-3c3ef54a0f0699170c2941c822e62751 .av-special-heading-tag{\nfont-size:0.8em;\n}\n}\n\n@media only screen and (max-width: 479px){ \n#top #wrap_all .av-special-heading.av-12biooj-3c3ef54a0f0699170c2941c822e62751 .av-special-heading-tag{\nfont-size:0.8em;\n}\n}\n<\/style>\n<div  class='av-special-heading av-12biooj-3c3ef54a0f0699170c2941c822e62751 av-special-heading-h1 blockquote modern-quote modern-centered  avia-builder-el-1  el_after_av_section  el_before_av_section  avia-builder-el-no-sibling  av-inherit-size'><h1 class='av-special-heading-tag '  itemprop=\"headline\"  >Ap\u00e9ro \u00e0 deux sur la tour<\/h1><div class=\"special-heading-border\"><div class=\"special-heading-inner-border\"><\/div><\/div><\/div>\n<\/div><\/div><\/div><!-- close content main div --><\/div><\/div><div id='av_section_2'  class='avia-section av-av_section-8c038a69d7b065b313c8996090138e7a main_color avia-section-default avia-no-border-styling  avia-builder-el-2  el_after_av_heading  el_before_av_section  avia-bg-style-scroll container_wrap fullsize'  ><div class='container av-section-cont-open' ><div class='template-page content  av-content-full alpha units'><div class='post-entry post-entry-type-page post-entry-2259'><div class='entry-content-wrapper clearfix'>\n\n<style type=\"text\/css\" data-created_by=\"avia_inline_auto\" id=\"style-css-av-ltj4uqrv-d823caae0f26c41d9f239bbe0999b9c6\">\n.avia-image-container.av-ltj4uqrv-d823caae0f26c41d9f239bbe0999b9c6 img.avia_image{\nbox-shadow:none;\n}\n.avia-image-container.av-ltj4uqrv-d823caae0f26c41d9f239bbe0999b9c6 .av-image-caption-overlay-center{\ncolor:#ffffff;\n}\n<\/style>\n<div  class='avia-image-container av-ltj4uqrv-d823caae0f26c41d9f239bbe0999b9c6 av-styling- avia-align-center  avia-builder-el-3  avia-builder-el-no-sibling '   itemprop=\"image\" itemscope=\"itemscope\" itemtype=\"https:\/\/schema.org\/ImageObject\" ><div class=\"avia-image-container-inner\"><div class=\"avia-image-overlay-wrap\"><img decoding=\"async\" fetchpriority=\"high\" class='wp-image-6880 avia-img-lazy-loading-not-6880 avia_image ' src=\"https:\/\/www.castello-seeschloss.ch\/wp-content\/uploads\/2017\/01\/Apero-auf-dem-Turm.jpg\" alt='' title='Apero auf dem Turm'  height=\"800\" width=\"1200\"  itemprop=\"thumbnailUrl\" srcset=\"https:\/\/www.castello-seeschloss.ch\/wp-content\/uploads\/2017\/01\/Apero-auf-dem-Turm.jpg 1200w, https:\/\/www.castello-seeschloss.ch\/wp-content\/uploads\/2017\/01\/Apero-auf-dem-Turm-300x200.jpg 300w, https:\/\/www.castello-seeschloss.ch\/wp-content\/uploads\/2017\/01\/Apero-auf-dem-Turm-768x512.jpg 768w, https:\/\/www.castello-seeschloss.ch\/wp-content\/uploads\/2017\/01\/Apero-auf-dem-Turm-1030x687.jpg 1030w, https:\/\/www.castello-seeschloss.ch\/wp-content\/uploads\/2017\/01\/Apero-auf-dem-Turm-705x470.jpg 705w, https:\/\/www.castello-seeschloss.ch\/wp-content\/uploads\/2017\/01\/Apero-auf-dem-Turm-450x300.jpg 450w\" sizes=\"(max-width: 1200px) 100vw, 1200px\" \/><\/div><\/div><\/div>\n\n<\/div><\/div><\/div><!-- close content main div --><\/div><\/div>\n<style type=\"text\/css\" data-created_by=\"avia_inline_auto\" id=\"style-css-av-3suykj-00eb873f313b9740999b495e2d486834\">\n.avia-section.av-3suykj-00eb873f313b9740999b495e2d486834{\nmargin-top:0px;\nmargin-bottom:130px;\n}\n.avia-section.av-3suykj-00eb873f313b9740999b495e2d486834 .av-extra-border-element .av-extra-border-inner{\nbackground-color:#ffffff;\n}\n<\/style>\n<div id='av_section_3'  class='avia-section av-3suykj-00eb873f313b9740999b495e2d486834 main_color avia-section-no-padding avia-no-border-styling  avia-builder-el-4  el_after_av_section  avia-builder-el-last  avia-bg-style-scroll av-arrow-down-section container_wrap fullsize'  ><div class='container av-section-cont-open' ><div class='template-page content  av-content-full alpha units'><div class='post-entry post-entry-type-page post-entry-2259'><div class='entry-content-wrapper clearfix'>\n\n<style type=\"text\/css\" data-created_by=\"avia_inline_auto\" id=\"style-css-av-z6iecj-7c49dbb7bdde501e776031e62ef247ff\">\n.flex_column.av-z6iecj-7c49dbb7bdde501e776031e62ef247ff{\nborder-radius:0px 0px 0px 0px;\npadding:0px 0px 0px 0px;\n}\n<\/style>\n<div  class='flex_column av-z6iecj-7c49dbb7bdde501e776031e62ef247ff av_one_full  avia-builder-el-5  avia-builder-el-no-sibling  first flex_column_div av-zero-column-padding  '     ><section  class='av_textblock_section av-3cnywz-2c7500e490e65825d72ec56538fb1155 '   itemscope=\"itemscope\" itemtype=\"https:\/\/schema.org\/CreativeWork\" ><div class='avia_textblock'  itemprop=\"text\" ><ul>\n<li>Vous voulez un HOTSPOT pour votre proposition de mariage inhabituel?<\/li>\n<li>Vous souhaitez un panorama spectaculaire \u00e0 Ascona pour deux dans une atmosph\u00e8re intime?<\/li>\n<li>Vous voulez regarder par-dessus les toits d&rsquo;Ascona avec vos amis?Oui, vous avez parfaitement raison avec nous! Parce que au-dessus de la place sur notre tour entour\u00e9e de remparts de la tour, vous avez une splendide vue sur le lac Majeur et les \u00eeles de Brissago. Tout cela accompagn\u00e9 d&rsquo;un d\u00e9licieux ap\u00e9ritif.<\/li>\n<\/ul>\n<\/div><\/section><br \/>\n<div class='avia-data-table-wrap av-wx05mr-8a45262055b6626fe2bcc194ed0ef92f avia_responsive_table avia-table-1'><table  class='avia-table avia-data-table avia_pricing_minimal  avia-builder-el-7  el_after_av_textblock  avia-builder-el-last '  itemscope=\"itemscope\" itemtype=\"https:\/\/schema.org\/Table\" ><tbody><tr class=''><td class='avia-highlight-col'>Ardoise pour deux personnes avec 4 Canap\u00e9s, grana, olives et Salametti\u00a0<\/td><td class=''>CHF 36.00<\/td><\/tr><tr class=''><td class='avia-highlight-col'>Vin blanc tessinois la lepre<\/td><td class=''>CHF 52.&#8211;<\/td><\/tr><tr class=''><td class='avia-highlight-col'>Prosecco di Valdobbiadene brut<\/td><td class=''>CHF 52.&#8211;<\/td><\/tr><tr class=''><td class='avia-highlight-col'>Franciacorta \u00ab\u00a0Villa\u00a0\u00bb brut<\/td><td class=''>CHF 82.&#8211;<\/td><\/tr><tr class=''><td class='avia-highlight-col'>Moscato d&rsquo;asti<\/td><td class=''>CHF 48.&#8211;<\/td><\/tr><tr class=''><td class='avia-highlight-col'>Champagne Louis Roederer brut<\/td><td class=''>CHF 102.&#8211;<\/td><\/tr><\/tbody><\/table><\/div><\/p><\/div>\n","protected":false},"excerpt":{"rendered":"","protected":false},"author":2,"featured_media":6880,"parent":0,"menu_order":0,"comment_status":"closed","ping_status":"closed","template":"","meta":{"footnotes":""},"class_list":["post-2259","page","type-page","status-publish","has-post-thumbnail","hentry"],"yoast_head":"<!-- This site is optimized with the Yoast SEO plugin v27.2 - https:\/\/yoast.com\/product\/yoast-seo-wordpress\/ -->\n<title>Ap\u00e9ro \u00e0 deux sur la tour - Romantik Hotel Castello Seeschloss<\/title>\n<meta name=\"robots\" content=\"index, follow, max-snippet:-1, max-image-preview:large, max-video-preview:-1\" \/>\n<link rel=\"canonical\" href=\"https:\/\/www.castello-seeschloss.ch\/fr\/apero-zu-zweit-auf-dem-turm\/\" \/>\n<meta property=\"og:locale\" content=\"fr_FR\" \/>\n<meta property=\"og:type\" content=\"article\" \/>\n<meta property=\"og:title\" content=\"Ap\u00e9ro \u00e0 deux sur la tour - Romantik Hotel Castello Seeschloss\" \/>\n<meta property=\"og:url\" content=\"https:\/\/www.castello-seeschloss.ch\/fr\/apero-zu-zweit-auf-dem-turm\/\" \/>\n<meta property=\"og:site_name\" content=\"Romantik Hotel Castello Seeschloss\" \/>\n<meta property=\"article:modified_time\" content=\"2024-03-28T21:22:54+00:00\" \/>\n<meta property=\"og:image\" content=\"https:\/\/www.castello-seeschloss.ch\/wp-content\/uploads\/2017\/01\/Apero-auf-dem-Turm.jpg\" \/>\n\t<meta property=\"og:image:width\" content=\"1200\" \/>\n\t<meta property=\"og:image:height\" content=\"800\" \/>\n\t<meta property=\"og:image:type\" content=\"image\/jpeg\" \/>\n<meta name=\"twitter:card\" content=\"summary_large_image\" \/>\n<meta name=\"twitter:label1\" content=\"Dur\u00e9e de lecture estim\u00e9e\" \/>\n\t<meta name=\"twitter:data1\" content=\"1 minute\" \/>\n<script type=\"application\/ld+json\" class=\"yoast-schema-graph\">{\"@context\":\"https:\/\/schema.org\",\"@graph\":[{\"@type\":\"WebPage\",\"@id\":\"https:\/\/www.castello-seeschloss.ch\/fr\/apero-zu-zweit-auf-dem-turm\/\",\"url\":\"https:\/\/www.castello-seeschloss.ch\/fr\/apero-zu-zweit-auf-dem-turm\/\",\"name\":\"Ap\u00e9ro \u00e0 deux sur la tour - Romantik Hotel Castello Seeschloss\",\"isPartOf\":{\"@id\":\"https:\/\/www.castello-seeschloss.ch\/#website\"},\"primaryImageOfPage\":{\"@id\":\"https:\/\/www.castello-seeschloss.ch\/fr\/apero-zu-zweit-auf-dem-turm\/#primaryimage\"},\"image\":{\"@id\":\"https:\/\/www.castello-seeschloss.ch\/fr\/apero-zu-zweit-auf-dem-turm\/#primaryimage\"},\"thumbnailUrl\":\"https:\/\/www.castello-seeschloss.ch\/wp-content\/uploads\/2017\/01\/Apero-auf-dem-Turm.jpg\",\"datePublished\":\"2017-04-30T16:19:16+00:00\",\"dateModified\":\"2024-03-28T21:22:54+00:00\",\"breadcrumb\":{\"@id\":\"https:\/\/www.castello-seeschloss.ch\/fr\/apero-zu-zweit-auf-dem-turm\/#breadcrumb\"},\"inLanguage\":\"fr-FR\",\"potentialAction\":[{\"@type\":\"ReadAction\",\"target\":[\"https:\/\/www.castello-seeschloss.ch\/fr\/apero-zu-zweit-auf-dem-turm\/\"]}]},{\"@type\":\"ImageObject\",\"inLanguage\":\"fr-FR\",\"@id\":\"https:\/\/www.castello-seeschloss.ch\/fr\/apero-zu-zweit-auf-dem-turm\/#primaryimage\",\"url\":\"https:\/\/www.castello-seeschloss.ch\/wp-content\/uploads\/2017\/01\/Apero-auf-dem-Turm.jpg\",\"contentUrl\":\"https:\/\/www.castello-seeschloss.ch\/wp-content\/uploads\/2017\/01\/Apero-auf-dem-Turm.jpg\",\"width\":1200,\"height\":800},{\"@type\":\"BreadcrumbList\",\"@id\":\"https:\/\/www.castello-seeschloss.ch\/fr\/apero-zu-zweit-auf-dem-turm\/#breadcrumb\",\"itemListElement\":[{\"@type\":\"ListItem\",\"position\":1,\"name\":\"Startseite\",\"item\":\"https:\/\/www.castello-seeschloss.ch\/fr\/\"},{\"@type\":\"ListItem\",\"position\":2,\"name\":\"Ap\u00e9ro \u00e0 deux sur la tour\"}]},{\"@type\":\"WebSite\",\"@id\":\"https:\/\/www.castello-seeschloss.ch\/#website\",\"url\":\"https:\/\/www.castello-seeschloss.ch\/\",\"name\":\"Romantik Hotel Castello Seeschloss\",\"description\":\"Ascona Tessin\",\"potentialAction\":[{\"@type\":\"SearchAction\",\"target\":{\"@type\":\"EntryPoint\",\"urlTemplate\":\"https:\/\/www.castello-seeschloss.ch\/?s={search_term_string}\"},\"query-input\":{\"@type\":\"PropertyValueSpecification\",\"valueRequired\":true,\"valueName\":\"search_term_string\"}}],\"inLanguage\":\"fr-FR\"}]}<\/script>\n<!-- \/ Yoast SEO plugin. -->","yoast_head_json":{"title":"Ap\u00e9ro \u00e0 deux sur la tour - Romantik Hotel Castello Seeschloss","robots":{"index":"index","follow":"follow","max-snippet":"max-snippet:-1","max-image-preview":"max-image-preview:large","max-video-preview":"max-video-preview:-1"},"canonical":"https:\/\/www.castello-seeschloss.ch\/fr\/apero-zu-zweit-auf-dem-turm\/","og_locale":"fr_FR","og_type":"article","og_title":"Ap\u00e9ro \u00e0 deux sur la tour - Romantik Hotel Castello Seeschloss","og_url":"https:\/\/www.castello-seeschloss.ch\/fr\/apero-zu-zweit-auf-dem-turm\/","og_site_name":"Romantik Hotel Castello Seeschloss","article_modified_time":"2024-03-28T21:22:54+00:00","og_image":[{"width":1200,"height":800,"url":"https:\/\/www.castello-seeschloss.ch\/wp-content\/uploads\/2017\/01\/Apero-auf-dem-Turm.jpg","type":"image\/jpeg"}],"twitter_card":"summary_large_image","twitter_misc":{"Dur\u00e9e de lecture estim\u00e9e":"1 minute"},"schema":{"@context":"https:\/\/schema.org","@graph":[{"@type":"WebPage","@id":"https:\/\/www.castello-seeschloss.ch\/fr\/apero-zu-zweit-auf-dem-turm\/","url":"https:\/\/www.castello-seeschloss.ch\/fr\/apero-zu-zweit-auf-dem-turm\/","name":"Ap\u00e9ro \u00e0 deux sur la tour - Romantik Hotel Castello Seeschloss","isPartOf":{"@id":"https:\/\/www.castello-seeschloss.ch\/#website"},"primaryImageOfPage":{"@id":"https:\/\/www.castello-seeschloss.ch\/fr\/apero-zu-zweit-auf-dem-turm\/#primaryimage"},"image":{"@id":"https:\/\/www.castello-seeschloss.ch\/fr\/apero-zu-zweit-auf-dem-turm\/#primaryimage"},"thumbnailUrl":"https:\/\/www.castello-seeschloss.ch\/wp-content\/uploads\/2017\/01\/Apero-auf-dem-Turm.jpg","datePublished":"2017-04-30T16:19:16+00:00","dateModified":"2024-03-28T21:22:54+00:00","breadcrumb":{"@id":"https:\/\/www.castello-seeschloss.ch\/fr\/apero-zu-zweit-auf-dem-turm\/#breadcrumb"},"inLanguage":"fr-FR","potentialAction":[{"@type":"ReadAction","target":["https:\/\/www.castello-seeschloss.ch\/fr\/apero-zu-zweit-auf-dem-turm\/"]}]},{"@type":"ImageObject","inLanguage":"fr-FR","@id":"https:\/\/www.castello-seeschloss.ch\/fr\/apero-zu-zweit-auf-dem-turm\/#primaryimage","url":"https:\/\/www.castello-seeschloss.ch\/wp-content\/uploads\/2017\/01\/Apero-auf-dem-Turm.jpg","contentUrl":"https:\/\/www.castello-seeschloss.ch\/wp-content\/uploads\/2017\/01\/Apero-auf-dem-Turm.jpg","width":1200,"height":800},{"@type":"BreadcrumbList","@id":"https:\/\/www.castello-seeschloss.ch\/fr\/apero-zu-zweit-auf-dem-turm\/#breadcrumb","itemListElement":[{"@type":"ListItem","position":1,"name":"Startseite","item":"https:\/\/www.castello-seeschloss.ch\/fr\/"},{"@type":"ListItem","position":2,"name":"Ap\u00e9ro \u00e0 deux sur la tour"}]},{"@type":"WebSite","@id":"https:\/\/www.castello-seeschloss.ch\/#website","url":"https:\/\/www.castello-seeschloss.ch\/","name":"Romantik Hotel Castello Seeschloss","description":"Ascona Tessin","potentialAction":[{"@type":"SearchAction","target":{"@type":"EntryPoint","urlTemplate":"https:\/\/www.castello-seeschloss.ch\/?s={search_term_string}"},"query-input":{"@type":"PropertyValueSpecification","valueRequired":true,"valueName":"search_term_string"}}],"inLanguage":"fr-FR"}]}},"publishpress_future_workflow_manual_trigger":{"enabledWorkflows":[]},"_links":{"self":[{"href":"https:\/\/www.castello-seeschloss.ch\/fr\/wp-json\/wp\/v2\/pages\/2259","targetHints":{"allow":["GET"]}}],"collection":[{"href":"https:\/\/www.castello-seeschloss.ch\/fr\/wp-json\/wp\/v2\/pages"}],"about":[{"href":"https:\/\/www.castello-seeschloss.ch\/fr\/wp-json\/wp\/v2\/types\/page"}],"author":[{"embeddable":true,"href":"https:\/\/www.castello-seeschloss.ch\/fr\/wp-json\/wp\/v2\/users\/2"}],"replies":[{"embeddable":true,"href":"https:\/\/www.castello-seeschloss.ch\/fr\/wp-json\/wp\/v2\/comments?post=2259"}],"version-history":[{"count":0,"href":"https:\/\/www.castello-seeschloss.ch\/fr\/wp-json\/wp\/v2\/pages\/2259\/revisions"}],"wp:featuredmedia":[{"embeddable":true,"href":"https:\/\/www.castello-seeschloss.ch\/fr\/wp-json\/wp\/v2\/media\/6880"}],"wp:attachment":[{"href":"https:\/\/www.castello-seeschloss.ch\/fr\/wp-json\/wp\/v2\/media?parent=2259"}],"curies":[{"name":"wp","href":"https:\/\/api.w.org\/{rel}","templated":true}]}}